{"id":6556,"date":"2022-06-23T19:20:00","date_gmt":"2022-06-23T16:20:00","guid":{"rendered":"https:\/\/geomed.com.tr\/anasayfa-copy\/"},"modified":"2023-06-19T16:32:22","modified_gmt":"2023-06-19T13:32:22","slug":"iletisim","status":"publish","type":"page","link":"https:\/\/geomed.com.tr\/en\/iletisim\/","title":{"rendered":"Contact"},"content":{"rendered":"<div data-colibri-id=\"6556-c1\" class=\"style-1223 style-local-6556-c1 position-relative\">\n  <!---->\n  <div data-colibri-component=\"section\" data-colibri-id=\"6556-c2\" id=\"contact\" class=\"h-section h-section-global-spacing d-flex align-items-lg-start align-items-md-start align-items-start style-1297 style-local-6556-c2 position-relative\">\n    <div class=\"background-wrapper\">\n      <div class=\"background-layer background-layer-media-container-lg\">\n        <!---->\n        <div class=\"overlay-layer\">\n          <div class=\"overlay-image-layer\"><\/div>\n          <div class=\"shape-layer colibri-shape-circles-3\" style=\"background-position: center center; background-size: cover; background-repeat: no-repeat; filter: invert(91%);\"><\/div>\n        <\/div>\n      <\/div>\n      <div class=\"background-layer background-layer-media-container-md\">\n        <!---->\n        <div class=\"overlay-layer\">\n          <div class=\"overlay-image-layer\"><\/div>\n          <div class=\"shape-layer colibri-shape-circles-3\" style=\"background-position: center center; background-size: cover; background-repeat: no-repeat; filter: invert(91%);\"><\/div>\n        <\/div>\n      <\/div>\n      <div class=\"background-layer background-layer-media-container\">\n        <!---->\n        <div class=\"overlay-layer\">\n          <div class=\"overlay-image-layer\"><\/div>\n          <div class=\"shape-layer colibri-shape-circles-3\" style=\"background-position: center center; background-size: cover; background-repeat: no-repeat; filter: invert(91%);\"><\/div>\n        <\/div>\n      <\/div>\n    <\/div>\n    <!---->\n    <div class=\"h-section-grid-container h-section-fluid-container\">\n      <!---->\n      <div data-colibri-id=\"6556-c3\" class=\"h-row-container gutters-row-lg-0 gutters-row-md-0 gutters-row-2 gutters-row-v-lg-0 gutters-row-v-md-0 gutters-row-v-2 style-1298 style-local-6556-c3 position-relative\">\n        <!---->\n        <div class=\"h-row justify-content-lg-end justify-content-md-end justify-content-end align-items-lg-start align-items-md-start align-items-start gutters-col-lg-0 gutters-col-md-0 gutters-col-2 gutters-col-v-lg-0 gutters-col-v-md-0 gutters-col-v-2\">\n          <!---->\n          <div class=\"h-column h-column-container d-flex h-col-lg-auto h-col-md-auto h-col-auto align-self-lg-start align-self-md-start align-self-start style-1299-outer style-local-6556-c4-outer\">\n            <div data-colibri-id=\"6556-c4\" class=\"d-flex h-flex-basis h-column__inner h-px-lg-3 h-px-md-3 h-px-2 v-inner-lg-3 v-inner-md-3 v-inner-2 style-1299 style-local-6556-c4 position-relative\">\n              <!---->\n              <!---->\n              <div class=\"w-100 h-y-container h-column__content h-column__v-align flex-basis-100 align-self-lg-start align-self-md-start align-self-start\">\n                <!---->\n                <div data-colibri-id=\"6556-c5\" class=\"h-row-container gutters-row-lg-0 gutters-row-md-0 gutters-row-0 gutters-row-v-lg-0 gutters-row-v-md-0 gutters-row-v-0 style-1300 style-local-6556-c5 position-relative\">\n                  <!---->\n                  <div class=\"h-row justify-content-lg-center justify-content-md-center justify-content-center align-items-lg-stretch align-items-md-stretch align-items-stretch gutters-col-lg-0 gutters-col-md-0 gutters-col-0 gutters-col-v-lg-0 gutters-col-v-md-0 gutters-col-v-0\">\n                    <!---->\n                    <div class=\"h-column h-column-container d-flex h-col-lg-12 h-col-md-12 h-col-12 style-1301-outer style-local-6556-c6-outer\">\n                      <div data-colibri-id=\"6556-c6\" class=\"d-flex h-flex-basis h-column__inner h-px-lg-0 h-px-md-0 h-px-0 v-inner-lg-0 v-inner-md-0 v-inner-0 style-1301 style-local-6556-c6 position-relative\">\n                        <!---->\n                        <!---->\n                        <div class=\"w-100 h-y-container h-column__content h-column__v-align flex-basis-100 align-self-lg-start align-self-md-start align-self-start\">\n                          <!---->\n                          <div data-colibri-id=\"6556-c7\" class=\"h-map style-1612 style-local-6556-c7 position-relative h-element\" style=\"overflow: hidden;\">\n                            <!---->\n                            <iframe src=\"https:\/\/www.google.com\/maps\/embed\/v1\/place?q=100.%20Y%C4%B1l%20Mahallesi%20Horasan%20Sokak%20No:28&amp;zoom=15&amp;key=AIzaSyBIvCzug7wI2ID4J3AySs294v2CdjU9QSU\" class=\"map-iframe\"><\/iframe>\n                          <\/div>\n                        <\/div>\n                      <\/div>\n                    <\/div>\n                  <\/div>\n                <\/div>\n              <\/div>\n            <\/div>\n          <\/div>\n          <div class=\"h-column h-column-container d-flex h-col-lg-auto h-col-md-auto h-col-auto align-self-lg-start align-self-md-start align-self-start style-1314-outer style-local-6556-c8-outer\">\n            <div data-colibri-id=\"6556-c8\" class=\"d-flex h-flex-basis h-column__inner h-px-lg-1 h-px-md-1 h-px-2 v-inner-lg-1 v-inner-md-1 v-inner-2 style-1314 style-local-6556-c8 position-relative\">\n              <!---->\n              <!---->\n              <div class=\"w-100 h-y-container h-column__content h-column__v-align flex-basis-100 align-self-lg-start align-self-md-start align-self-start\">\n                <!---->\n                <div data-colibri-id=\"6556-c9\" class=\"style-1609 style-local-6556-c9 position-relative h-element\">\n                  <!---->\n                  <div class=\"h-global-transition-all h-global-transition h-global-transition-all h-contact-form-shortcode\">\n<div class=\"wpcf7 no-js\" id=\"wpcf7-f4730-o1\" lang=\"tr-TR\" dir=\"ltr\">\n<div class=\"screen-reader-response\"><p role=\"status\" aria-live=\"polite\" aria-atomic=\"true\"><\/p> <ul><\/ul><\/div>\n<form action=\"\/en\/wp-json\/wp\/v2\/pages\/6556#wpcf7-f4730-o1\" method=\"post\" class=\"wpcf7-form init\" aria-label=\"Contact form\" novalidate=\"novalidate\" data-status=\"init\" data-trp-original-action=\"\/en\/wp-json\/wp\/v2\/pages\/6556#wpcf7-f4730-o1\">\n<div style=\"display: none;\">\n<input type=\"hidden\" name=\"_wpcf7\" value=\"4730\" \/>\n<input type=\"hidden\" name=\"_wpcf7_version\" value=\"5.8.7\" \/>\n<input type=\"hidden\" name=\"_wpcf7_locale\" value=\"tr_TR\" \/>\n<input type=\"hidden\" name=\"_wpcf7_unit_tag\" value=\"wpcf7-f4730-o1\" \/>\n<input type=\"hidden\" name=\"_wpcf7_container_post\" value=\"0\" \/>\n<input type=\"hidden\" name=\"_wpcf7_posted_data_hash\" value=\"\" \/>\n<\/div>\n<p><label> First Name, Last Name<br \/>\n<span class=\"wpcf7-form-control-wrap\" data-name=\"your-name\"><input size=\"40\" class=\"wpcf7-form-control wpcf7-text wpcf7-validates-as-required\" aria-required=\"true\" aria-invalid=\"false\" value=\"\" type=\"text\" name=\"your-name\" \/><\/span> <\/label>\n<\/p>\n<p><label> E-mail address<br \/>\n<span class=\"wpcf7-form-control-wrap\" data-name=\"your-email\"><input size=\"40\" class=\"wpcf7-form-control wpcf7-email wpcf7-validates-as-required wpcf7-text wpcf7-validates-as-email\" aria-required=\"true\" aria-invalid=\"false\" value=\"\" type=\"email\" name=\"your-email\" \/><\/span> <\/label>\n<\/p>\n<p><label> Phone Number (Optional)<br \/>\n<span class=\"wpcf7-form-control-wrap\" data-name=\"tel-271\"><input size=\"40\" class=\"wpcf7-form-control wpcf7-tel wpcf7-text wpcf7-validates-as-tel\" aria-invalid=\"false\" value=\"\" type=\"tel\" name=\"tel-271\" \/><\/span> <\/label>\n<\/p>\n<p><label> Subject<br \/>\n<span class=\"wpcf7-form-control-wrap\" data-name=\"your-subject\"><input size=\"40\" class=\"wpcf7-form-control wpcf7-text wpcf7-validates-as-required\" aria-required=\"true\" aria-invalid=\"false\" value=\"\" type=\"text\" name=\"your-subject\" \/><\/span> <\/label>\n<\/p>\n<p><label> Message<br \/>\n<span class=\"wpcf7-form-control-wrap\" data-name=\"your-message\"><textarea cols=\"40\" rows=\"10\" class=\"wpcf7-form-control wpcf7-textarea\" aria-invalid=\"false\" name=\"your-message\"><\/textarea><\/span> <\/label>\n<\/p>\n<p><input class=\"wpcf7-form-control wpcf7-submit has-spinner\" type=\"submit\" value=\"Send\" \/>\n<\/p><div class=\"wpcf7-response-output\" aria-hidden=\"true\"><\/div>\n<input type=\"hidden\" name=\"trp-form-language\" value=\"en\"\/><\/form>\n<\/div>\n<\/div>\n                <\/div>\n              <\/div>\n            <\/div>\n          <\/div>\n          <div class=\"h-column h-column-container d-flex h-col-lg-auto h-col-md-auto h-col-auto align-self-lg-start align-self-md-start align-self-start style-2835-outer style-local-6556-c10-outer\">\n            <div data-colibri-id=\"6556-c10\" class=\"d-flex h-flex-basis h-column__inner h-px-lg-3 h-px-md-3 h-px-3 v-inner-lg-3 v-inner-md-3 v-inner-3 style-2835 style-local-6556-c10 position-relative\">\n              <!---->\n              <!---->\n              <div class=\"w-100 h-y-container h-column__content h-column__v-align flex-basis-100 align-self-lg-start align-self-md-start align-self-start\">\n                <!---->\n                <div data-colibri-id=\"6556-c11\" class=\"h-text h-text-component style-2834 style-local-6556-c11 position-relative h-element\">\n                  <!---->\n                  <!---->\n                  <div class=\"\">\n                    <p><span style=\"font-size: 99%; font-weight: 600;\">Geomed Geotechnical Consultancy, Investigation, Supervision and Trading Co. Inc.<\/span><\/p>\n                    <p><span style=\"font-weight: 600;\">Adress: 100. Y\u0131l District Horasan Street<\/span><\/p>\n                    <p><span style=\"font-weight: 600;\">Nr:28\/1 GOP\/\u00c7ankaya\/Ankara<\/span><\/p>\n                    <p><span style=\"font-weight: 600;\">Phone: +90 312 447 57 90<\/span><\/p>\n                    <p><span style=\"font-weight: 600;\">e-mail: geomed@geomed.com.tr<\/span><\/p>\n                  <\/div>\n                <\/div>\n              <\/div>\n            <\/div>\n          <\/div>\n        <\/div>\n      <\/div>\n    <\/div>\n  <\/div>\n<\/div>","protected":false},"excerpt":{"rendered":"<p>Geomed Geoteknik M\u00fc\u015favirlik Et\u00fcd Denetim Ticaret Anonim \u015eirketi Adres: 100. Y\u0131l Mahallesi Horasan Sokak No:28\/1 GOP\/\u00c7ankaya\/Ankara Telefon: 0090 312 447 57 90 e-mail: geomed@geomed.com.tr<\/p>","protected":false},"author":1,"featured_media":0,"parent":0,"menu_order":0,"comment_status":"closed","ping_status":"closed","template":"page-templates\/full-width-page.php","meta":{"footnotes":""},"yoast_head":"<!-- This site is optimized with the Yoast SEO Premium plugin v15.0 - https:\/\/yoast.com\/wordpress\/plugins\/seo\/ -->\n<title>\u0130leti\u015fim - GEOMED<\/title>\n<meta name=\"description\" content=\"GEOMED \u0130leti\u015fim - %\" \/>\n<meta name=\"robots\" content=\"index, follow, max-snippet:-1, max-image-preview:large, max-video-preview:-1\" \/>\n<link rel=\"canonical\" href=\"https:\/\/geomed.com.tr\/en\/iletisim\/\" \/>\n<meta property=\"og:locale\" content=\"en_US\" \/>\n<meta property=\"og:type\" content=\"article\" \/>\n<meta property=\"og:title\" content=\"\u0130leti\u015fim - GEOMED\" \/>\n<meta property=\"og:description\" content=\"GEOMED \u0130leti\u015fim - %\" \/>\n<meta property=\"og:url\" content=\"https:\/\/geomed.com.tr\/en\/iletisim\/\" \/>\n<meta property=\"og:site_name\" content=\"GEOMED\" \/>\n<meta property=\"article:modified_time\" content=\"2023-06-19T13:32:22+00:00\" \/>\n<meta name=\"twitter:card\" content=\"summary_large_image\" \/>\n<script type=\"application\/ld+json\" class=\"yoast-schema-graph\">{\"@context\":\"https:\/\/schema.org\",\"@graph\":[{\"@type\":\"Organization\",\"@id\":\"https:\/\/geomed.com.tr\/en\/#organization\",\"name\":\"Geomed Geoteknik M\\u00fc\\u015favirlik Et\\u00fcd Denetim Ticaret A.\\u015e.\",\"url\":\"https:\/\/geomed.com.tr\/en\/\",\"sameAs\":[\"https:\/\/tr.linkedin.com\/company\/geomed-geoteknik-m-avirlik-et-t-denetim-ve-ticaret-a-?trk=public_profile_topcard-current-company&amp;amp;amp;amp;amp;original_referer=https:\/\/geomed.com.tr\/\"],\"logo\":{\"@type\":\"ImageObject\",\"@id\":\"https:\/\/geomed.com.tr\/en\/#logo\",\"inLanguage\":\"en-US\",\"url\":\"https:\/\/geomed.com.tr\/wp-content\/uploads\/2022\/07\/cropped-Logo-Sade-Turkce2.png\",\"width\":208,\"height\":208,\"caption\":\"Geomed Geoteknik M\\u00fc\\u015favirlik Et\\u00fcd Denetim Ticaret A.\\u015e.\"},\"image\":{\"@id\":\"https:\/\/geomed.com.tr\/en\/#logo\"}},{\"@type\":\"WebSite\",\"@id\":\"https:\/\/geomed.com.tr\/en\/#website\",\"url\":\"https:\/\/geomed.com.tr\/en\/\",\"name\":\"GEOMED\",\"description\":\"Geoteknik M\\u00fc\\u015favirlik, Et\\u00fcd, Denetim\",\"publisher\":{\"@id\":\"https:\/\/geomed.com.tr\/en\/#organization\"},\"potentialAction\":[{\"@type\":\"SearchAction\",\"target\":\"https:\/\/geomed.com.tr\/en\/?s={search_term_string}\",\"query-input\":\"required name=search_term_string\"}],\"inLanguage\":\"en-US\"},{\"@type\":\"WebPage\",\"@id\":\"https:\/\/geomed.com.tr\/iletisim\/#webpage\",\"url\":\"https:\/\/geomed.com.tr\/iletisim\/\",\"name\":\"\\u0130leti\\u015fim - GEOMED\",\"isPartOf\":{\"@id\":\"https:\/\/geomed.com.tr\/en\/#website\"},\"datePublished\":\"2022-06-23T16:20:00+00:00\",\"dateModified\":\"2023-06-19T13:32:22+00:00\",\"description\":\"GEOMED \\u0130leti\\u015fim - %\",\"breadcrumb\":{\"@id\":\"https:\/\/geomed.com.tr\/iletisim\/#breadcrumb\"},\"inLanguage\":\"en-US\",\"potentialAction\":[{\"@type\":\"ReadAction\",\"target\":[\"https:\/\/geomed.com.tr\/iletisim\/\"]}]},{\"@type\":\"BreadcrumbList\",\"@id\":\"https:\/\/geomed.com.tr\/iletisim\/#breadcrumb\",\"itemListElement\":[{\"@type\":\"ListItem\",\"position\":1,\"item\":{\"@type\":\"WebPage\",\"@id\":\"https:\/\/geomed.com.tr\/\",\"url\":\"https:\/\/geomed.com.tr\/\",\"name\":\"Anasayfa\"}},{\"@type\":\"ListItem\",\"position\":2,\"item\":{\"@type\":\"WebPage\",\"@id\":\"https:\/\/geomed.com.tr\/iletisim\/\",\"url\":\"https:\/\/geomed.com.tr\/iletisim\/\",\"name\":\"\\u0130leti\\u015fim\"}}]}]}<\/script>\n<!-- \/ Yoast SEO Premium plugin. -->","_links":{"self":[{"href":"https:\/\/geomed.com.tr\/en\/wp-json\/wp\/v2\/pages\/6556"}],"collection":[{"href":"https:\/\/geomed.com.tr\/en\/wp-json\/wp\/v2\/pages"}],"about":[{"href":"https:\/\/geomed.com.tr\/en\/wp-json\/wp\/v2\/types\/page"}],"author":[{"embeddable":true,"href":"https:\/\/geomed.com.tr\/en\/wp-json\/wp\/v2\/users\/1"}],"replies":[{"embeddable":true,"href":"https:\/\/geomed.com.tr\/en\/wp-json\/wp\/v2\/comments?post=6556"}],"version-history":[{"count":0,"href":"https:\/\/geomed.com.tr\/en\/wp-json\/wp\/v2\/pages\/6556\/revisions"}],"wp:attachment":[{"href":"https:\/\/geomed.com.tr\/en\/wp-json\/wp\/v2\/media?parent=6556"}],"curies":[{"name":"wp","href":"https:\/\/api.w.org\/{rel}","templated":true}]}}