{"id":6573,"date":"2022-06-23T20:07:04","date_gmt":"2022-06-23T17:07:04","guid":{"rendered":"https:\/\/geomed.com.tr\/anasayfa-copy\/"},"modified":"2024-04-06T11:34:37","modified_gmt":"2024-04-06T08:34:37","slug":"hakkimizda","status":"publish","type":"page","link":"https:\/\/geomed.com.tr\/en\/hakkimizda\/","title":{"rendered":"About Us"},"content":{"rendered":"<div data-colibri-id=\"6573-c1\" class=\"style-1387 style-local-6573-c1 position-relative\">\n  <!---->\n  <div data-colibri-component=\"section\" data-colibri-id=\"6573-c2\" id=\"testimonials\" class=\"h-section h-section-global-spacing d-flex align-items-lg-center align-items-md-center align-items-center style-2751 style-local-6573-c2 position-relative\">\n    <div class=\"background-wrapper\">\n      <div class=\"background-layer background-layer-media-container-lg\">\n        <!---->\n        <div class=\"overlay-layer\">\n          <div class=\"overlay-image-layer\" style=\"background-color: rgb(255, 255, 255); opacity: 0.94;\"><\/div>\n        <\/div>\n      <\/div>\n      <div class=\"background-layer background-layer-media-container-md\">\n        <!---->\n        <div class=\"overlay-layer\">\n          <div class=\"overlay-image-layer\" style=\"background-color: rgb(255, 255, 255); opacity: 0.94;\"><\/div>\n        <\/div>\n      <\/div>\n      <div class=\"background-layer background-layer-media-container\">\n        <!---->\n        <div class=\"overlay-layer\">\n          <div class=\"overlay-image-layer\" style=\"background-color: rgb(255, 255, 255); opacity: 0.94;\"><\/div>\n        <\/div>\n      <\/div>\n    <\/div>\n    <!---->\n    <div class=\"h-section-grid-container h-section-fluid-container\">\n      <!---->\n      <div data-colibri-id=\"6573-c3\" class=\"h-row-container gutters-row-lg-2 gutters-row-md-2 gutters-row-0 gutters-row-v-lg-2 gutters-row-v-md-2 gutters-row-v-2 style-2723 style-local-6573-c3 newClass position-relative\">\n        <!---->\n        <div class=\"h-row justify-content-lg-center justify-content-md-center justify-content-center align-items-lg-stretch align-items-md-stretch align-items-stretch gutters-col-lg-2 gutters-col-md-2 gutters-col-0 gutters-col-v-lg-2 gutters-col-v-md-2 gutters-col-v-2\">\n          <!---->\n          <div class=\"h-column h-column-container d-flex h-col-lg-12 h-col-md-12 h-col-12 style-2609-outer style-local-6573-c4-outer\">\n            <div data-colibri-id=\"6573-c4\" class=\"d-flex h-flex-basis h-column__inner h-px-lg-0 h-px-md-0 h-px-0 v-inner-lg-0 v-inner-md-0 v-inner-0 style-2609 style-local-6573-c4 position-relative\">\n              <!---->\n              <!---->\n              <div class=\"w-100 h-y-container h-column__content h-column__v-align flex-basis-100 align-self-lg-center align-self-md-center align-self-center\">\n                <!---->\n                <div data-colibri-id=\"6573-c5\" class=\"h-row-container gutters-row-lg-1 gutters-row-md-1 gutters-row-3 gutters-row-v-lg-1 gutters-row-v-md-1 gutters-row-v-3 style-2744 style-local-6573-c5 newClass position-relative\">\n                  <!---->\n                  <div class=\"h-row justify-content-lg-center justify-content-md-center justify-content-center align-items-lg-stretch align-items-md-stretch align-items-stretch gutters-col-lg-1 gutters-col-md-1 gutters-col-3 gutters-col-v-lg-1 gutters-col-v-md-1 gutters-col-v-3\">\n                    <!---->\n                    <div class=\"h-column h-column-container d-flex h-col-lg-12 h-col-md-12 h-col-12 style-2746-outer style-local-6573-c6-outer\">\n                      <div data-colibri-id=\"6573-c6\" class=\"d-flex h-flex-basis h-column__inner h-px-lg-1 h-px-md-1 h-px-3 v-inner-lg-1 v-inner-md-1 v-inner-3 style-2746 style-local-6573-c6 position-relative\">\n                        <!---->\n                        <!---->\n                        <div class=\"w-100 h-y-container h-column__content h-column__v-align flex-basis-100 align-self-lg-center align-self-md-center align-self-center\">\n                          <!---->\n                          <div data-colibri-id=\"6573-c7\" class=\"h-text h-text-component style-2745 style-local-6573-c7 newClass position-relative h-element\">\n                            <!---->\n                            <!---->\n                            <div class=\"\">\n                              <h4>About Us<\/h4>\n                              <p>Since 2000, Geomed is a project company that has been offering fast, high quality and innovative solutions to its customers in jobs that require geotechnical engineering expertise. Thanks to its geotechnical engineer team consisting of geological and civil engineers, Geomed provides project design, consultancy, field experiments and instrumentation services in every field of geotechnical expertise.<\/p>\n                            <\/div>\n                          <\/div>\n                        <\/div>\n                      <\/div>\n                    <\/div>\n                  <\/div>\n                <\/div>\n              <\/div>\n            <\/div>\n          <\/div>\n        <\/div>\n      <\/div>\n    <\/div>\n  <\/div>\n  <div data-colibri-component=\"section\" data-colibri-id=\"6573-c8\" id=\"testimonials\" class=\"h-section h-section-global-spacing d-flex align-items-lg-center align-items-md-center align-items-center style-2607 style-local-6573-c8 position-relative\">\n    <div class=\"background-wrapper\">\n      <div class=\"background-layer background-layer-media-container-lg\">\n        <!---->\n        <div class=\"overlay-layer\">\n          <div class=\"overlay-image-layer\" style=\"background-color: rgb(255, 255, 255); opacity: 0.94;\"><\/div>\n        <\/div>\n      <\/div>\n      <div class=\"background-layer background-layer-media-container-md\">\n        <!---->\n        <div class=\"overlay-layer\">\n          <div class=\"overlay-image-layer\" style=\"background-color: rgb(255, 255, 255); opacity: 0.94;\"><\/div>\n        <\/div>\n      <\/div>\n      <div class=\"background-layer background-layer-media-container\">\n        <!---->\n        <div class=\"overlay-layer\">\n          <div class=\"overlay-image-layer\" style=\"background-color: rgb(255, 255, 255); opacity: 0.94;\"><\/div>\n        <\/div>\n      <\/div>\n    <\/div>\n    <!---->\n    <div class=\"h-section-grid-container h-section-fluid-container\">\n      <!---->\n      <div data-colibri-id=\"6573-c9\" class=\"h-row-container gutters-row-lg-2 gutters-row-md-2 gutters-row-0 gutters-row-v-lg-2 gutters-row-v-md-2 gutters-row-v-2 style-2723 style-local-6573-c9 newClass position-relative\">\n        <!---->\n        <div class=\"h-row justify-content-lg-center justify-content-md-center justify-content-center align-items-lg-stretch align-items-md-stretch align-items-stretch gutters-col-lg-2 gutters-col-md-2 gutters-col-0 gutters-col-v-lg-2 gutters-col-v-md-2 gutters-col-v-2\">\n          <!---->\n          <div class=\"h-column h-column-container d-flex h-col-lg-12 h-col-md-12 h-col-12 style-2609-outer style-local-6573-c10-outer\">\n            <div data-colibri-id=\"6573-c10\" class=\"d-flex h-flex-basis h-column__inner h-px-lg-0 h-px-md-0 h-px-0 v-inner-lg-0 v-inner-md-0 v-inner-0 style-2609 style-local-6573-c10 position-relative\">\n              <!---->\n              <!---->\n              <div class=\"w-100 h-y-container h-column__content h-column__v-align flex-basis-100 align-self-lg-center align-self-md-center align-self-center\">\n                <!---->\n                <div data-colibri-id=\"6573-c11\" class=\"h-row-container gutters-row-lg-1 gutters-row-md-1 gutters-row-3 gutters-row-v-lg-1 gutters-row-v-md-1 gutters-row-v-3 style-2744 style-local-6573-c11 newClass position-relative\">\n                  <!---->\n                  <div class=\"h-row justify-content-lg-center justify-content-md-center justify-content-center align-items-lg-stretch align-items-md-stretch align-items-stretch gutters-col-lg-1 gutters-col-md-1 gutters-col-3 gutters-col-v-lg-1 gutters-col-v-md-1 gutters-col-v-3\">\n                    <!---->\n                    <div class=\"h-column h-column-container d-flex h-col-lg-12 h-col-md-12 h-col-12 style-2746-outer style-local-6573-c12-outer\">\n                      <div data-colibri-id=\"6573-c12\" class=\"d-flex h-flex-basis h-column__inner h-px-lg-1 h-px-md-1 h-px-3 v-inner-lg-1 v-inner-md-1 v-inner-3 style-2746 style-local-6573-c12 position-relative\">\n                        <!---->\n                        <!---->\n                        <div class=\"w-100 h-y-container h-column__content h-column__v-align flex-basis-100 align-self-lg-center align-self-md-center align-self-center\">\n                          <!---->\n                          <div data-colibri-id=\"6573-c13\" class=\"h-text h-text-component style-2745 style-local-6573-c13 newClass position-relative h-element\">\n                            <!---->\n                            <!---->\n                            <div class=\"\">\n                              <h4><span style=\"font-family: &quot;Open Sans&quot;;\">Our Values<\/span><\/h4>\n                              <p>Sectoral success is achieved with a strong teamwork, most of the Geomed's expert staff has more than 10 years of experience within our company.<\/p>\n                              <p>Our experience in international projects is build up with an intensive use of different international specifications and a close following of technological developments.<\/p>\n                              <p>Our work is based on the principle of transparency, honesty and responsibility. Our reports are written in a comprehensible language, they reach you in full and on time.<\/p>\n                              <p>It\u2019s very important to us to understand your expectations, we make our guidance with a creative and innovative approach that is suitable for the specific needs of each project.<\/p>\n                              <p>We offer the most appropriate technical solutions in our work and we attach particular importance to the principle of confidentiality.<\/p>\n                              <p>Our project design works start often with the field investigations of our engineers, our field team is at your service with quality and result-oriented solutions throughout the project.<\/p>\n                              <p>Sustainability and equal opportunity are our most fundamental working principles.<\/p>\n                              <p>\n                                <br>\n                              <\/p>\n                              <p>\n                                <br>\n                              <\/p>\n                            <\/div>\n                          <\/div>\n                        <\/div>\n                      <\/div>\n                    <\/div>\n                  <\/div>\n                <\/div>\n              <\/div>\n            <\/div>\n          <\/div>\n        <\/div>\n      <\/div>\n    <\/div>\n  <\/div>\n  <div data-colibri-component=\"section\" data-colibri-id=\"6573-c14\" id=\"testimonials\" class=\"h-section h-section-global-spacing d-flex align-items-lg-center align-items-md-center align-items-center style-2607 style-local-6573-c14 position-relative\">\n    <div class=\"background-wrapper\">\n      <div class=\"background-layer background-layer-media-container-lg\">\n        <!---->\n        <div class=\"overlay-layer\">\n          <div class=\"overlay-image-layer\" style=\"background-color: rgb(255, 255, 255); opacity: 0.94;\"><\/div>\n        <\/div>\n      <\/div>\n      <div class=\"background-layer background-layer-media-container-md\">\n        <!---->\n        <div class=\"overlay-layer\">\n          <div class=\"overlay-image-layer\" style=\"background-color: rgb(255, 255, 255); opacity: 0.94;\"><\/div>\n        <\/div>\n      <\/div>\n      <div class=\"background-layer background-layer-media-container\">\n        <!---->\n        <div class=\"overlay-layer\">\n          <div class=\"overlay-image-layer\" style=\"background-color: rgb(255, 255, 255); opacity: 0.94;\"><\/div>\n        <\/div>\n      <\/div>\n    <\/div>\n    <!---->\n    <div class=\"h-section-grid-container h-section-fluid-container\">\n      <!---->\n      <div data-colibri-id=\"6573-c15\" class=\"h-row-container gutters-row-lg-0 gutters-row-md-0 gutters-row-0 gutters-row-v-lg-0 gutters-row-v-md-0 gutters-row-v-0 style-2748 style-local-6573-c15 newClass position-relative\">\n        <!---->\n        <div class=\"h-row justify-content-lg-center justify-content-md-center justify-content-center align-items-lg-stretch align-items-md-stretch align-items-stretch gutters-col-lg-0 gutters-col-md-0 gutters-col-0 gutters-col-v-lg-0 gutters-col-v-md-0 gutters-col-v-0\">\n          <!---->\n          <div class=\"h-column h-column-container d-flex h-col-lg-auto h-col-md-auto h-col-auto style-2661-outer style-local-6573-c16-outer\">\n            <div data-colibri-id=\"6573-c16\" class=\"d-flex h-flex-basis h-column__inner h-px-lg-0 h-px-md-0 h-px-0 v-inner-lg-0 v-inner-md-0 v-inner-0 style-2661 style-local-6573-c16 position-relative\">\n              <!---->\n              <!---->\n              <div class=\"w-100 h-y-container h-column__content h-column__v-align flex-basis-100 align-self-lg-start align-self-md-start align-self-start\">\n                <!---->\n                <div data-colibri-id=\"6573-c17\" class=\"d-block style-2662 style-local-6573-c17 position-relative h-element\">\n                  <!---->\n                  <div class=\"h-image__frame-container-outer\">\n                    <div class=\"h-image__frame-container\">\n                      <!---->\n                      <!---->\n                      <img decoding=\"async\" src=\"https:\/\/geomed.com.tr\/wp-content\/uploads\/2022\/07\/20220728_171029-209x300.jpg\" class=\"style-2662-image style-local-6573-c17-image\">\n                      <div class=\"h-image__frame h-hide-lg h-hide-md h-hide-sm style-2662-frameImage style-local-6573-c17-frameImage\"><\/div>\n                    <\/div>\n                  <\/div>\n                <\/div>\n                <div data-colibri-id=\"6573-c18\" class=\"h-text h-text-component style-2722 style-local-6573-c18 position-relative h-element\">\n                  <!---->\n                  <!---->\n                  <div class=\"\">\n                    <p>Salih Aksoy<\/p>\n                  <\/div>\n                <\/div>\n                <div data-colibri-id=\"6573-c19\" class=\"h-text h-text-component style-2707 style-local-6573-c19 position-relative h-element\">\n                  <!---->\n                  <!---->\n                  <div class=\"\">\n                    <p><span style=\"font-weight: 400; font-size: 16px; font-family: &quot;Open Sans&quot;; p; ; &amp;nbspcolor: rgb(37, 41, 42);\">Civil Engineer M.Sc.<\/span><\/p>\n                  <\/div>\n                <\/div>\n              <\/div>\n            <\/div>\n          <\/div>\n          <div class=\"h-column h-column-container d-flex h-col-lg-auto h-col-md-auto h-col-auto style-2749-outer style-local-6573-c20-outer\">\n            <div data-colibri-id=\"6573-c20\" class=\"d-flex h-flex-basis h-column__inner h-px-lg-0 h-px-md-0 h-px-0 v-inner-lg-0 v-inner-md-0 v-inner-0 style-2749 style-local-6573-c20 position-relative\">\n              <!---->\n              <!---->\n              <div class=\"w-100 h-y-container h-column__content h-column__v-align flex-basis-100 align-self-lg-start align-self-md-start align-self-start\">\n                <!---->\n                <div data-colibri-id=\"6573-c21\" class=\"h-text h-text-component style-2745 style-local-6573-c21 newClass position-relative h-element\">\n                  <!---->\n                  <!---->\n                  <div class=\"\">\n                    <h4><span style=\"font-family: &quot;Open Sans&quot;;\">Our History<\/span><\/h4>\n                    <p>Geomed was founded in 2000 on the foundations of its manager Salih Aksoy's vast experience of more than 20 years at the time.<\/p>\n                    <p>Salih Aksoy, following his Civil (Istanbul Technical University) and Geotechnical (Gazi University, Master's) engineering education, worked at the General Directorate of Highways, Technical Research Department, Soil Mechanics and Tunnels Branch. The year he left this branch, where he was lastly its manager, and was appointed as the General Manager of Geomed, he has already produced solutions for thousands of landslides and other ground problems, and has contributed to almost every kilometre of the national highway network of Turkey.<\/p>\n                    <p>His passion for investigative geotechnical engineering, which he continued in another 20 years within Geomed, has been a source of inspiration for both his team of engineers and their working partners. Working together under the roof of Geomed for many years, the team of engineers benefited from Salih Aksoy's knowledge and experience, while undersigning dozens of major projects.<\/p>\n                    <p>\n                      <br>\n                    <\/p>\n                    <p>\n                      <br>\n                    <\/p>\n                    <p>\n                      <br>\n                    <\/p>\n                  <\/div>\n                <\/div>\n              <\/div>\n            <\/div>\n          <\/div>\n        <\/div>\n      <\/div>\n    <\/div>\n  <\/div>\n<\/div>","protected":false},"excerpt":{"rendered":"<p>Hakk\u0131m\u0131zda Geomed, 2000 y\u0131l\u0131ndan beri geoteknik m\u00fchendisli\u011fi uzmanl\u0131\u011f\u0131 gerektiren i\u015flerde i\u015fverenine h\u0131zl\u0131, kaliteli ve yenilik\u00e7i \u00e7\u00f6z\u00fcmler sunan bir proje firmas\u0131d\u0131r. Jeoloji ve in\u015faat m\u00fchendislerinden olu\u015fan geoteknik m\u00fchendisleri kadrosu ile uzmanl\u0131k alan\u0131na d\u00e2hil her konuda et\u00fct, projelendirme, m\u00fc\u015favirlik, saha deneyleri ve enstr\u00fcmantasyon hizmetleri vermektedir. De\u011ferlerimiz Sekt\u00f6rel ba\u015far\u0131 g\u00fc\u00e7l\u00fc bir ekip \u00e7al\u0131\u015fmas\u0131yla elde edilir, Geomed uzman personel [&hellip;]<\/p>","protected":false},"author":1,"featured_media":0,"parent":0,"menu_order":0,"comment_status":"closed","ping_status":"closed","template":"page-templates\/full-width-page.php","meta":{"footnotes":""},"yoast_head":"<!-- This site is optimized with the Yoast SEO Premium plugin v15.0 - https:\/\/yoast.com\/wordpress\/plugins\/seo\/ -->\n<title>Hakk\u0131m\u0131zda - GEOMED<\/title>\n<meta name=\"description\" content=\"GEOMED Hakk\u0131m\u0131zda - %\" \/>\n<meta name=\"robots\" content=\"index, follow, max-snippet:-1, max-image-preview:large, max-video-preview:-1\" \/>\n<link rel=\"canonical\" href=\"https:\/\/geomed.com.tr\/en\/hakkimizda\/\" \/>\n<meta property=\"og:locale\" content=\"en_US\" \/>\n<meta property=\"og:type\" content=\"article\" \/>\n<meta property=\"og:title\" content=\"Hakk\u0131m\u0131zda - GEOMED\" \/>\n<meta property=\"og:description\" content=\"GEOMED Hakk\u0131m\u0131zda - %\" \/>\n<meta property=\"og:url\" content=\"https:\/\/geomed.com.tr\/en\/hakkimizda\/\" \/>\n<meta property=\"og:site_name\" content=\"GEOMED\" \/>\n<meta property=\"article:modified_time\" content=\"2024-04-06T08:34:37+00:00\" \/>\n<meta property=\"og:image\" content=\"https:\/\/geomed.com.tr\/wp-content\/uploads\/2022\/07\/20220728_171029-209x300.jpg\" \/>\n<meta name=\"twitter:card\" content=\"summary_large_image\" \/>\n<script type=\"application\/ld+json\" class=\"yoast-schema-graph\">{\"@context\":\"https:\/\/schema.org\",\"@graph\":[{\"@type\":\"Organization\",\"@id\":\"https:\/\/geomed.com.tr\/en\/#organization\",\"name\":\"Geomed Geoteknik M\\u00fc\\u015favirlik Et\\u00fcd Denetim Ticaret A.\\u015e.\",\"url\":\"https:\/\/geomed.com.tr\/en\/\",\"sameAs\":[\"https:\/\/tr.linkedin.com\/company\/geomed-geoteknik-m-avirlik-et-t-denetim-ve-ticaret-a-?trk=public_profile_topcard-current-company&amp;amp;amp;amp;amp;original_referer=https:\/\/geomed.com.tr\/\"],\"logo\":{\"@type\":\"ImageObject\",\"@id\":\"https:\/\/geomed.com.tr\/en\/#logo\",\"inLanguage\":\"en-US\",\"url\":\"https:\/\/geomed.com.tr\/wp-content\/uploads\/2022\/07\/cropped-Logo-Sade-Turkce2.png\",\"width\":208,\"height\":208,\"caption\":\"Geomed Geoteknik M\\u00fc\\u015favirlik Et\\u00fcd Denetim Ticaret A.\\u015e.\"},\"image\":{\"@id\":\"https:\/\/geomed.com.tr\/en\/#logo\"}},{\"@type\":\"WebSite\",\"@id\":\"https:\/\/geomed.com.tr\/en\/#website\",\"url\":\"https:\/\/geomed.com.tr\/en\/\",\"name\":\"GEOMED\",\"description\":\"Geoteknik M\\u00fc\\u015favirlik, Et\\u00fcd, Denetim\",\"publisher\":{\"@id\":\"https:\/\/geomed.com.tr\/en\/#organization\"},\"potentialAction\":[{\"@type\":\"SearchAction\",\"target\":\"https:\/\/geomed.com.tr\/en\/?s={search_term_string}\",\"query-input\":\"required name=search_term_string\"}],\"inLanguage\":\"en-US\"},{\"@type\":\"ImageObject\",\"@id\":\"https:\/\/geomed.com.tr\/hakkimizda\/#primaryimage\",\"inLanguage\":\"en-US\",\"url\":\"https:\/\/geomed.com.tr\/wp-content\/uploads\/2022\/07\/20220728_171029.jpg\",\"width\":497,\"height\":713},{\"@type\":\"WebPage\",\"@id\":\"https:\/\/geomed.com.tr\/hakkimizda\/#webpage\",\"url\":\"https:\/\/geomed.com.tr\/hakkimizda\/\",\"name\":\"Hakk\\u0131m\\u0131zda - GEOMED\",\"isPartOf\":{\"@id\":\"https:\/\/geomed.com.tr\/en\/#website\"},\"primaryImageOfPage\":{\"@id\":\"https:\/\/geomed.com.tr\/hakkimizda\/#primaryimage\"},\"datePublished\":\"2022-06-23T17:07:04+00:00\",\"dateModified\":\"2024-04-06T08:34:37+00:00\",\"description\":\"GEOMED Hakk\\u0131m\\u0131zda - %\",\"breadcrumb\":{\"@id\":\"https:\/\/geomed.com.tr\/hakkimizda\/#breadcrumb\"},\"inLanguage\":\"en-US\",\"potentialAction\":[{\"@type\":\"ReadAction\",\"target\":[\"https:\/\/geomed.com.tr\/hakkimizda\/\"]}]},{\"@type\":\"BreadcrumbList\",\"@id\":\"https:\/\/geomed.com.tr\/hakkimizda\/#breadcrumb\",\"itemListElement\":[{\"@type\":\"ListItem\",\"position\":1,\"item\":{\"@type\":\"WebPage\",\"@id\":\"https:\/\/geomed.com.tr\/\",\"url\":\"https:\/\/geomed.com.tr\/\",\"name\":\"Anasayfa\"}},{\"@type\":\"ListItem\",\"position\":2,\"item\":{\"@type\":\"WebPage\",\"@id\":\"https:\/\/geomed.com.tr\/hakkimizda\/\",\"url\":\"https:\/\/geomed.com.tr\/hakkimizda\/\",\"name\":\"Hakk\\u0131m\\u0131zda\"}}]}]}<\/script>\n<!-- \/ Yoast SEO Premium plugin. -->","_links":{"self":[{"href":"https:\/\/geomed.com.tr\/en\/wp-json\/wp\/v2\/pages\/6573"}],"collection":[{"href":"https:\/\/geomed.com.tr\/en\/wp-json\/wp\/v2\/pages"}],"about":[{"href":"https:\/\/geomed.com.tr\/en\/wp-json\/wp\/v2\/types\/page"}],"author":[{"embeddable":true,"href":"https:\/\/geomed.com.tr\/en\/wp-json\/wp\/v2\/users\/1"}],"replies":[{"embeddable":true,"href":"https:\/\/geomed.com.tr\/en\/wp-json\/wp\/v2\/comments?post=6573"}],"version-history":[{"count":0,"href":"https:\/\/geomed.com.tr\/en\/wp-json\/wp\/v2\/pages\/6573\/revisions"}],"wp:attachment":[{"href":"https:\/\/geomed.com.tr\/en\/wp-json\/wp\/v2\/media?parent=6573"}],"curies":[{"name":"wp","href":"https:\/\/api.w.org\/{rel}","templated":true}]}}