{"id":3621,"date":"2019-10-20T18:47:26","date_gmt":"2019-10-20T15:47:26","guid":{"rendered":"http:\/\/nastik.webredox.net\/index.php\/parallax-image-copy\/"},"modified":"2024-02-29T13:12:05","modified_gmt":"2024-02-29T10:12:05","slug":"anasayfa","status":"publish","type":"page","link":"https:\/\/geomed.com.tr\/fr\/","title":{"rendered":"Page d'accueil"},"content":{"rendered":"<div data-colibri-id=\"3621-c1\" class=\"style-1316 style-local-3621-c1 position-relative\">\n  <!---->\n  <div data-colibri-component=\"section\" data-colibri-id=\"3621-c2\" id=\"overlappable\" class=\"h-section h-section-global-spacing d-flex align-items-lg-center align-items-md-center align-items-center style-2628 style-local-3621-c2 position-relative\">\n    <!---->\n    <!---->\n    <div class=\"h-section-grid-container h-section-boxed-container\">\n      <!---->\n      <div data-colibri-id=\"3621-c3\" class=\"h-row-container gutters-row-lg-2 gutters-row-md-2 gutters-row-2 gutters-row-v-lg-2 gutters-row-v-md-2 gutters-row-v-2 style-2629 style-local-3621-c3 position-relative\">\n        <!---->\n        <div class=\"h-row justify-content-lg-center justify-content-md-center justify-content-center align-items-lg-stretch align-items-md-stretch align-items-stretch gutters-col-lg-2 gutters-col-md-2 gutters-col-2 gutters-col-v-lg-2 gutters-col-v-md-2 gutters-col-v-2\">\n          <!---->\n          <div class=\"h-column h-column-container d-flex h-col-lg-6 h-col-md-6 h-col-12 style-2630-outer style-local-3621-c4-outer\">\n            <div data-colibri-id=\"3621-c4\" class=\"d-flex h-flex-basis h-column__inner h-px-lg-2 h-px-md-3 h-px-2 v-inner-lg-2 v-inner-md-3 v-inner-2 style-2630 style-local-3621-c4 position-relative\">\n              <!---->\n              <!---->\n              <div class=\"w-100 h-y-container h-column__content h-column__v-align flex-basis-100 align-self-lg-center align-self-md-center align-self-center\">\n                <!---->\n                <div data-colibri-id=\"3621-c5\" class=\"h-x-container style-2708 style-local-3621-c5 position-relative h-element\">\n                  <!---->\n                  <div class=\"h-x-container-inner style-dynamic-3621-c5-group style-2708-spacing style-local-3621-c5-spacing\"><span class=\"h-link__outer style-2709-outer style-local-3621-c6-outer d-inline-flex h-element\"><a h-use-smooth-scroll=\"true\" href=\"https:\/\/geomed.com.tr\/fr\/geoeknik-tasarim\/\"  data-colibri-id=\"3621-c6\" class=\"d-flex w-100 align-items-center h-link style-2709 style-local-3621-c6 position-relative\"><!----><!----> <span>CONCEPTION G\u00c9OTECHNIQUE ET CONSEIL<\/span><\/a>\n                    <\/span>\n                  <\/div>\n                <\/div>\n                <div data-colibri-id=\"3621-c7\" class=\"d-block style-2654 style-local-3621-c7 position-relative h-element\">\n                  <!---->\n                  <div class=\"h-image__frame-container-outer\">\n                    <a href=\"https:\/\/geomed.com.tr\/fr\/geoeknik-tasarim\/\" h-use-smooth-scroll=\"true\" class=\"image-link\">\n                      <div class=\"h-image__frame-container\">\n                        <!---->\n                        <!---->\n                        <img decoding=\"async\" width=\"1802\" height=\"1800\" src=\"https:\/\/geomed.com.tr\/wp-content\/uploads\/2022\/07\/Capture-decran-2022-07-29-a-12.41.35.png\" class=\"wp-image-13993 style-2654-image style-local-3621-c7-image\" alt=\"\" srcset=\"https:\/\/geomed.com.tr\/wp-content\/uploads\/2022\/07\/Capture-decran-2022-07-29-a-12.41.35.png 1802w, https:\/\/geomed.com.tr\/wp-content\/uploads\/2022\/07\/Capture-decran-2022-07-29-a-12.41.35-300x300.png 300w, https:\/\/geomed.com.tr\/wp-content\/uploads\/2022\/07\/Capture-decran-2022-07-29-a-12.41.35-1024x1024.png 1024w, https:\/\/geomed.com.tr\/wp-content\/uploads\/2022\/07\/Capture-decran-2022-07-29-a-12.41.35-150x150.png 150w, https:\/\/geomed.com.tr\/wp-content\/uploads\/2022\/07\/Capture-decran-2022-07-29-a-12.41.35-768x767.png 768w, https:\/\/geomed.com.tr\/wp-content\/uploads\/2022\/07\/Capture-decran-2022-07-29-a-12.41.35-1536x1534.png 1536w\" sizes=\"(max-width: 1802px) 100vw, 1802px\" \/>\n                        <div class=\"h-image__frame h-hide-lg h-hide-md h-hide-sm style-2654-frameImage style-local-3621-c7-frameImage\"><\/div>\n                      <\/div>\n                    <\/a>\n                  <\/div>\n                <\/div>\n              <\/div>\n            <\/div>\n          <\/div>\n          <div class=\"h-column h-column-container d-flex h-col-lg-6 h-col-md-6 h-col-12 style-2630-outer style-local-3621-c8-outer\">\n            <div data-colibri-id=\"3621-c8\" class=\"d-flex h-flex-basis h-column__inner h-px-lg-2 h-px-md-3 h-px-2 v-inner-lg-2 v-inner-md-3 v-inner-2 style-2630 style-local-3621-c8 position-relative\">\n              <!---->\n              <!---->\n              <div class=\"w-100 h-y-container h-column__content h-column__v-align flex-basis-100 align-self-lg-center align-self-md-center align-self-center\">\n                <!---->\n                <div data-colibri-id=\"3621-c9\" class=\"h-x-container style-2710 style-local-3621-c9 position-relative h-element\">\n                  <!---->\n                  <div class=\"h-x-container-inner style-dynamic-3621-c9-group style-2710-spacing style-local-3621-c9-spacing\"><span class=\"h-link__outer style-2711-outer style-local-3621-c10-outer d-inline-flex h-element\"><a h-use-smooth-scroll=\"true\" href=\"https:\/\/geomed.com.tr\/fr\/geoteknik-enstrumantasyon\/\"  data-colibri-id=\"3621-c10\" class=\"d-flex w-100 align-items-center h-link style-2711 style-local-3621-c10 position-relative\"><!----><!----> <span>INSTRUMENTATION G\u00c9OTECHNIQUE ET ESSAIS DE CONTR\u00d4LE<\/span><\/a>\n                    <\/span>\n                  <\/div>\n                <\/div>\n                <div data-colibri-id=\"3621-c11\" class=\"d-block style-2654 style-local-3621-c11 position-relative h-element\">\n                  <!---->\n                  <div class=\"h-image__frame-container-outer\">\n                    <a href=\"https:\/\/geomed.com.tr\/fr\/geoteknik-enstrumanstasyon\/\" h-use-smooth-scroll=\"true\" class=\"image-link\">\n                      <div class=\"h-image__frame-container\">\n                        <!---->\n                        <!---->\n                        <img decoding=\"async\" width=\"1080\" height=\"1920\" src=\"https:\/\/geomed.com.tr\/wp-content\/uploads\/2022\/07\/Aesthetic-Minimalist-Photo-Collage-Best-Friends-Instagram-Story-1.png\" class=\"wp-image-14140 style-2654-image style-local-3621-c11-image\" alt=\"\" srcset=\"https:\/\/geomed.com.tr\/wp-content\/uploads\/2022\/07\/Aesthetic-Minimalist-Photo-Collage-Best-Friends-Instagram-Story-1.png 1080w, https:\/\/geomed.com.tr\/wp-content\/uploads\/2022\/07\/Aesthetic-Minimalist-Photo-Collage-Best-Friends-Instagram-Story-1-169x300.png 169w, https:\/\/geomed.com.tr\/wp-content\/uploads\/2022\/07\/Aesthetic-Minimalist-Photo-Collage-Best-Friends-Instagram-Story-1-576x1024.png 576w, https:\/\/geomed.com.tr\/wp-content\/uploads\/2022\/07\/Aesthetic-Minimalist-Photo-Collage-Best-Friends-Instagram-Story-1-768x1365.png 768w, https:\/\/geomed.com.tr\/wp-content\/uploads\/2022\/07\/Aesthetic-Minimalist-Photo-Collage-Best-Friends-Instagram-Story-1-864x1536.png 864w\" sizes=\"(max-width: 1080px) 100vw, 1080px\" \/>\n                        <div class=\"h-image__frame h-hide-lg h-hide-md h-hide-sm style-2654-frameImage style-local-3621-c11-frameImage\"><\/div>\n                      <\/div>\n                    <\/a>\n                  <\/div>\n                <\/div>\n              <\/div>\n            <\/div>\n          <\/div>\n        <\/div>\n      <\/div>\n    <\/div>\n  <\/div>\n  <div data-colibri-component=\"section\" data-colibri-id=\"3621-c12\" id=\"testimonials\" class=\"h-section h-section-global-spacing d-flex align-items-lg-center align-items-md-center align-items-center style-2645 style-local-3621-c12 position-relative\">\n    <div class=\"background-wrapper\">\n      <div class=\"background-layer background-layer-media-container-lg\">\n        <!---->\n        <div class=\"overlay-layer\">\n          <div class=\"overlay-image-layer\"><\/div>\n          <div class=\"shape-layer colibri-shape-circles\" style=\"background-position: center center; background-size: cover; background-repeat: no-repeat; filter: invert(84%);\"><\/div>\n        <\/div>\n      <\/div>\n      <div class=\"background-layer background-layer-media-container-md\">\n        <!---->\n        <div class=\"overlay-layer\">\n          <div class=\"overlay-image-layer\"><\/div>\n          <div class=\"shape-layer colibri-shape-circles\" style=\"background-position: center center; background-size: cover; background-repeat: no-repeat; filter: invert(84%);\"><\/div>\n        <\/div>\n      <\/div>\n      <div class=\"background-layer background-layer-media-container\">\n        <!---->\n        <div class=\"overlay-layer\">\n          <div class=\"overlay-image-layer\"><\/div>\n          <div class=\"shape-layer colibri-shape-circles\" style=\"background-position: center center; background-size: cover; background-repeat: no-repeat; filter: invert(84%);\"><\/div>\n        <\/div>\n      <\/div>\n    <\/div>\n    <!---->\n    <div class=\"h-section-grid-container h-section-fluid-container\">\n      <!---->\n      <div data-colibri-id=\"3621-c13\" class=\"h-row-container gutters-row-lg-0 gutters-row-md-0 gutters-row-0 gutters-row-v-lg-0 gutters-row-v-md-0 gutters-row-v-0 style-2646 style-local-3621-c13 position-relative\">\n        <!---->\n        <div class=\"h-row justify-content-lg-center justify-content-md-center justify-content-center align-items-lg-stretch align-items-md-stretch align-items-stretch gutters-col-lg-0 gutters-col-md-0 gutters-col-0 gutters-col-v-lg-0 gutters-col-v-md-0 gutters-col-v-0\">\n          <!---->\n          <div class=\"h-column h-column-container d-flex h-col-lg-auto h-col-md-auto h-col-auto style-2647-outer style-local-3621-c14-outer\">\n            <div data-colibri-id=\"3621-c14\" class=\"d-flex h-flex-basis h-column__inner h-px-lg-2 h-px-md-2 h-px-2 v-inner-lg-2 v-inner-md-2 v-inner-2 style-2647 style-local-3621-c14 position-relative\">\n              <div class=\"background-wrapper\">\n                <div class=\"background-layer background-layer-media-container-lg\">\n                  <!---->\n                  <div class=\"overlay-layer\">\n                    <div class=\"overlay-image-layer\" style=\"background-color: rgb(0, 0, 0); opacity: 0.3;\"><\/div>\n                  <\/div>\n                <\/div>\n                <div class=\"background-layer background-layer-media-container-md\">\n                  <!---->\n                  <div class=\"overlay-layer\">\n                    <div class=\"overlay-image-layer\" style=\"background-color: rgb(0, 0, 0); opacity: 0.3;\"><\/div>\n                  <\/div>\n                <\/div>\n                <div class=\"background-layer background-layer-media-container\">\n                  <!---->\n                  <div class=\"overlay-layer\">\n                    <div class=\"overlay-image-layer\" style=\"background-color: rgb(0, 0, 0); opacity: 0.3;\"><\/div>\n                  <\/div>\n                <\/div>\n              <\/div>\n              <!---->\n              <div class=\"w-100 h-y-container h-column__content h-column__v-align flex-basis-100 align-self-lg-center align-self-md-center align-self-center\">\n                <!---->\n                <div data-colibri-id=\"3621-c15\" class=\"h-icon style-2648 style-local-3621-c15 position-relative h-element\">\n                  <!----><span class=\"h-svg-icon h-icon__icon style-2648-icon style-local-3621-c15-icon\"><!--Icon by Icons8 Line Awesome (https:\/\/icons8.com\/line-awesome)--><svg version=\"1.1\" xmlns=\"http:\/\/www.w3.org\/2000\/svg\" xmlns:xlink=\"http:\/\/www.w3.org\/1999\/xlink\" id=\"quote-right\" viewbox=\"0 0 512 545.5\"><path d=\"M64 160h160v160c0 52.826-43.174 96-96 96v-32c35.526 0 64-28.474 64-64H64V160zm224 0h160v160c0 52.826-43.174 96-96 96v-32c35.526 0 64-28.474 64-64H288V160zM96 192v96h96v-96H96zm224 0v96h96v-96h-96z\"><\/path><\/svg><\/span><\/div>\n                <div\n                  data-colibri-id=\"3621-c16\" class=\"h-global-transition-all h-heading style-2658 style-local-3621-c16 position-relative h-element\">\n                  <!---->\n                  <div class=\"h-heading__outer style-2658 style-local-3621-c16\">\n                    <!---->\n                    <!---->\n                    <h4 class=\"\">Autoroutes<\/h4>\n                  <\/div>\n              <\/div>\n            <\/div>\n          <\/div>\n        <\/div>\n        <div class=\"h-column h-column-container d-flex h-col-lg-auto h-col-md-auto h-col-auto style-2653-outer style-local-3621-c17-outer\">\n          <div data-colibri-id=\"3621-c17\" class=\"d-flex h-flex-basis h-column__inner h-px-lg-3 h-px-md-3 h-px-3 v-inner-lg-3 v-inner-md-3 v-inner-3 style-2653 style-local-3621-c17 position-relative\">\n            <div class=\"background-wrapper\">\n              <div class=\"background-layer background-layer-media-container-lg\">\n                <!---->\n                <div class=\"overlay-layer\">\n                  <div class=\"overlay-image-layer\" style=\"background-color: rgb(0, 0, 0); opacity: 0.3;\"><\/div>\n                <\/div>\n              <\/div>\n              <div class=\"background-layer background-layer-media-container-md\">\n                <!---->\n                <div class=\"overlay-layer\">\n                  <div class=\"overlay-image-layer\" style=\"background-color: rgb(0, 0, 0); opacity: 0.3;\"><\/div>\n                <\/div>\n              <\/div>\n              <div class=\"background-layer background-layer-media-container\">\n                <!---->\n                <div class=\"overlay-layer\">\n                  <div class=\"overlay-image-layer\" style=\"background-color: rgb(0, 0, 0); opacity: 0.3;\"><\/div>\n                <\/div>\n              <\/div>\n            <\/div>\n            <!---->\n            <div class=\"w-100 h-y-container h-column__content h-column__v-align flex-basis-100 align-self-lg-center align-self-md-center align-self-center\">\n              <!---->\n              <div data-colibri-id=\"3621-c18\" class=\"h-icon style-2648 style-local-3621-c18 position-relative h-element\">\n                <!----><span class=\"h-svg-icon h-icon__icon style-2648-icon style-local-3621-c18-icon\"><!--Icon by Icons8 Line Awesome (https:\/\/icons8.com\/line-awesome)--><svg version=\"1.1\" xmlns=\"http:\/\/www.w3.org\/2000\/svg\" xmlns:xlink=\"http:\/\/www.w3.org\/1999\/xlink\" id=\"quote-right\" viewbox=\"0 0 512 545.5\"><path d=\"M64 160h160v160c0 52.826-43.174 96-96 96v-32c35.526 0 64-28.474 64-64H64V160zm224 0h160v160c0 52.826-43.174 96-96 96v-32c35.526 0 64-28.474 64-64H288V160zM96 192v96h96v-96H96zm224 0v96h96v-96h-96z\"><\/path><\/svg><\/span><\/div>\n              <div\n                data-colibri-id=\"3621-c19\" class=\"h-global-transition-all h-heading style-2660 style-local-3621-c19 position-relative h-element\">\n                <!---->\n                <div class=\"h-heading__outer style-2660 style-local-3621-c19\">\n                  <!---->\n                  <!---->\n                  <h4 class=\"\">Chemins de fer et\n                    <br>M\u00e9tros<\/h4>\n                <\/div>\n            <\/div>\n          <\/div>\n        <\/div>\n      <\/div>\n      <div class=\"h-column h-column-container d-flex h-col-lg-auto h-col-md-auto h-col-auto style-2651-outer style-local-3621-c20-outer\">\n        <div data-colibri-id=\"3621-c20\" class=\"d-flex h-flex-basis h-column__inner h-px-lg-3 h-px-md-3 h-px-3 v-inner-lg-3 v-inner-md-3 v-inner-3 style-2651 style-local-3621-c20 position-relative\">\n          <div class=\"background-wrapper\">\n            <div class=\"background-layer background-layer-media-container-lg\">\n              <!---->\n              <div class=\"overlay-layer\">\n                <div class=\"overlay-image-layer\" style=\"background-color: rgb(0, 0, 0); opacity: 0.3;\"><\/div>\n              <\/div>\n            <\/div>\n            <div class=\"background-layer background-layer-media-container-md\">\n              <!---->\n              <div class=\"overlay-layer\">\n                <div class=\"overlay-image-layer\" style=\"background-color: rgb(0, 0, 0); opacity: 0.3;\"><\/div>\n              <\/div>\n            <\/div>\n            <div class=\"background-layer background-layer-media-container\">\n              <!---->\n              <div class=\"overlay-layer\">\n                <div class=\"overlay-image-layer\" style=\"background-color: rgb(0, 0, 0); opacity: 0.3;\"><\/div>\n              <\/div>\n            <\/div>\n          <\/div>\n          <!---->\n          <div class=\"w-100 h-y-container h-column__content h-column__v-align flex-basis-100 align-self-lg-center align-self-md-center align-self-center\">\n            <!---->\n            <div data-colibri-id=\"3621-c21\" class=\"h-icon style-2648 style-local-3621-c21 position-relative h-element\">\n              <!----><span class=\"h-svg-icon h-icon__icon style-2648-icon style-local-3621-c21-icon\"><!--Icon by Icons8 Line Awesome (https:\/\/icons8.com\/line-awesome)--><svg version=\"1.1\" xmlns=\"http:\/\/www.w3.org\/2000\/svg\" xmlns:xlink=\"http:\/\/www.w3.org\/1999\/xlink\" id=\"quote-right\" viewbox=\"0 0 512 545.5\"><path d=\"M64 160h160v160c0 52.826-43.174 96-96 96v-32c35.526 0 64-28.474 64-64H64V160zm224 0h160v160c0 52.826-43.174 96-96 96v-32c35.526 0 64-28.474 64-64H288V160zM96 192v96h96v-96H96zm224 0v96h96v-96h-96z\"><\/path><\/svg><\/span><\/div>\n            <div\n              data-colibri-id=\"3621-c22\" class=\"h-global-transition-all h-heading style-2659 style-local-3621-c22 position-relative h-element\">\n              <!---->\n              <div class=\"h-heading__outer style-2659 style-local-3621-c22\">\n                <!---->\n                <!---->\n                <h4 class=\"\">Barrages et\n                  <br>Centrales Hydro\u00e9lectriques<\/h4>\n              <\/div>\n          <\/div>\n        <\/div>\n      <\/div>\n    <\/div>\n    <div class=\"h-column h-column-container d-flex h-col-lg-auto h-col-md-auto h-col-auto style-2652-outer style-local-3621-c23-outer\">\n      <div data-colibri-id=\"3621-c23\" class=\"d-flex h-flex-basis h-column__inner h-px-lg-3 h-px-md-3 h-px-3 v-inner-lg-3 v-inner-md-3 v-inner-3 style-2652 style-local-3621-c23 position-relative\">\n        <div class=\"background-wrapper\">\n          <div class=\"background-layer background-layer-media-container-lg\">\n            <!---->\n            <div class=\"overlay-layer\">\n              <div class=\"overlay-image-layer\" style=\"background-color: rgb(0, 0, 0); opacity: 0.3;\"><\/div>\n            <\/div>\n          <\/div>\n          <div class=\"background-layer background-layer-media-container-md\">\n            <!---->\n            <div class=\"overlay-layer\">\n              <div class=\"overlay-image-layer\" style=\"background-color: rgb(0, 0, 0); opacity: 0.3;\"><\/div>\n            <\/div>\n          <\/div>\n          <div class=\"background-layer background-layer-media-container\">\n            <!---->\n            <div class=\"overlay-layer\">\n              <div class=\"overlay-image-layer\" style=\"background-color: rgb(0, 0, 0); opacity: 0.3;\"><\/div>\n            <\/div>\n          <\/div>\n        <\/div>\n        <!---->\n        <div class=\"w-100 h-y-container h-column__content h-column__v-align flex-basis-100 align-self-lg-center align-self-md-center align-self-center\">\n          <!---->\n          <div data-colibri-id=\"3621-c24\" class=\"h-icon style-2648 style-local-3621-c24 position-relative h-element\">\n            <!----><span class=\"h-svg-icon h-icon__icon style-2648-icon style-local-3621-c24-icon\"><!--Icon by Icons8 Line Awesome (https:\/\/icons8.com\/line-awesome)--><svg version=\"1.1\" xmlns=\"http:\/\/www.w3.org\/2000\/svg\" xmlns:xlink=\"http:\/\/www.w3.org\/1999\/xlink\" id=\"quote-right\" viewbox=\"0 0 512 545.5\"><path d=\"M64 160h160v160c0 52.826-43.174 96-96 96v-32c35.526 0 64-28.474 64-64H64V160zm224 0h160v160c0 52.826-43.174 96-96 96v-32c35.526 0 64-28.474 64-64H288V160zM96 192v96h96v-96H96zm224 0v96h96v-96h-96z\"><\/path><\/svg><\/span><\/div>\n          <div\n            data-colibri-id=\"3621-c25\" class=\"h-global-transition-all h-heading style-2649 style-local-3621-c25 position-relative h-element\">\n            <!---->\n            <div class=\"h-heading__outer style-2649 style-local-3621-c25\">\n              <!---->\n              <!---->\n              <h4 class=\"\">A\u00e9roports<\/h4>\n            <\/div>\n        <\/div>\n      <\/div>\n    <\/div>\n  <\/div>\n<\/div>\n<\/div>\n<\/div>\n<\/div>\n<\/div>","protected":false},"excerpt":{"rendered":"<p>GEOTEKN\u0130K PROJELEND\u0130RME GEOTEKN\u0130K ENSTR\u00dcMANTASYON VE KONTROL DENEYLER\u0130 Karayollar\u0131 Demiryollar\u0131 ve Metrolar Barajlar ve HES Yap\u0131lar\u0131 Havalimanlar\u0131<\/p>","protected":false},"author":1,"featured_media":0,"parent":0,"menu_order":0,"comment_status":"closed","ping_status":"closed","template":"page-templates\/full-width-page.php","meta":{"footnotes":""},"yoast_head":"<!-- This site is optimized with the Yoast SEO Premium plugin v15.0 - https:\/\/yoast.com\/wordpress\/plugins\/seo\/ -->\n<title>Anasayfa - GEOMED<\/title>\n<meta name=\"description\" content=\"GEOMED Anasayfa - %\" \/>\n<meta name=\"robots\" content=\"index, follow, max-snippet:-1, max-image-preview:large, max-video-preview:-1\" \/>\n<link rel=\"canonical\" href=\"https:\/\/geomed.com.tr\/fr\/\" \/>\n<meta property=\"og:locale\" content=\"fr_FR\" \/>\n<meta property=\"og:type\" content=\"article\" \/>\n<meta property=\"og:title\" content=\"Anasayfa - GEOMED\" \/>\n<meta property=\"og:description\" content=\"GEOMED Anasayfa - %\" \/>\n<meta property=\"og:url\" content=\"https:\/\/geomed.com.tr\/fr\/\" \/>\n<meta property=\"og:site_name\" content=\"GEOMED\" \/>\n<meta property=\"article:modified_time\" content=\"2024-02-29T10:12:05+00:00\" \/>\n<meta property=\"og:image\" content=\"https:\/\/geomed.com.tr\/wp-content\/uploads\/2022\/07\/Capture-decran-2022-07-29-a-12.41.35.png\" \/>\n<meta name=\"twitter:card\" content=\"summary_large_image\" \/>\n<script type=\"application\/ld+json\" class=\"yoast-schema-graph\">{\"@context\":\"https:\/\/schema.org\",\"@graph\":[{\"@type\":\"Organization\",\"@id\":\"https:\/\/geomed.com.tr\/fr\/#organization\",\"name\":\"Geomed Geoteknik M\\u00fc\\u015favirlik Et\\u00fcd Denetim Ticaret A.\\u015e.\",\"url\":\"https:\/\/geomed.com.tr\/fr\/\",\"sameAs\":[\"https:\/\/tr.linkedin.com\/company\/geomed-geoteknik-m-avirlik-et-t-denetim-ve-ticaret-a-?trk=public_profile_topcard-current-company&amp;amp;amp;amp;amp;original_referer=https:\/\/geomed.com.tr\/\"],\"logo\":{\"@type\":\"ImageObject\",\"@id\":\"https:\/\/geomed.com.tr\/fr\/#logo\",\"inLanguage\":\"fr-FR\",\"url\":\"https:\/\/geomed.com.tr\/wp-content\/uploads\/2022\/07\/cropped-Logo-Sade-Turkce2.png\",\"width\":208,\"height\":208,\"caption\":\"Geomed Geoteknik M\\u00fc\\u015favirlik Et\\u00fcd Denetim Ticaret A.\\u015e.\"},\"image\":{\"@id\":\"https:\/\/geomed.com.tr\/fr\/#logo\"}},{\"@type\":\"WebSite\",\"@id\":\"https:\/\/geomed.com.tr\/fr\/#website\",\"url\":\"https:\/\/geomed.com.tr\/fr\/\",\"name\":\"GEOMED\",\"description\":\"Geoteknik M\\u00fc\\u015favirlik, Et\\u00fcd, Denetim\",\"publisher\":{\"@id\":\"https:\/\/geomed.com.tr\/fr\/#organization\"},\"potentialAction\":[{\"@type\":\"SearchAction\",\"target\":\"https:\/\/geomed.com.tr\/fr\/?s={search_term_string}\",\"query-input\":\"required name=search_term_string\"}],\"inLanguage\":\"fr-FR\"},{\"@type\":\"ImageObject\",\"@id\":\"https:\/\/geomed.com.tr\/#primaryimage\",\"inLanguage\":\"fr-FR\",\"url\":\"https:\/\/geomed.com.tr\/wp-content\/uploads\/2022\/07\/Capture-decran-2022-07-29-a-12.41.35.png\",\"width\":1802,\"height\":1800},{\"@type\":\"WebPage\",\"@id\":\"https:\/\/geomed.com.tr\/#webpage\",\"url\":\"https:\/\/geomed.com.tr\/\",\"name\":\"Anasayfa - GEOMED\",\"isPartOf\":{\"@id\":\"https:\/\/geomed.com.tr\/fr\/#website\"},\"primaryImageOfPage\":{\"@id\":\"https:\/\/geomed.com.tr\/#primaryimage\"},\"datePublished\":\"2019-10-20T15:47:26+00:00\",\"dateModified\":\"2024-02-29T10:12:05+00:00\",\"description\":\"GEOMED Anasayfa - %\",\"breadcrumb\":{\"@id\":\"https:\/\/geomed.com.tr\/#breadcrumb\"},\"inLanguage\":\"fr-FR\",\"potentialAction\":[{\"@type\":\"ReadAction\",\"target\":[\"https:\/\/geomed.com.tr\/\"]}]},{\"@type\":\"BreadcrumbList\",\"@id\":\"https:\/\/geomed.com.tr\/#breadcrumb\",\"itemListElement\":[{\"@type\":\"ListItem\",\"position\":1,\"item\":{\"@type\":\"WebPage\",\"@id\":\"https:\/\/geomed.com.tr\/\",\"url\":\"https:\/\/geomed.com.tr\/\",\"name\":\"Anasayfa\"}},{\"@type\":\"ListItem\",\"position\":2,\"item\":{\"@type\":\"WebPage\",\"@id\":\"https:\/\/geomed.com.tr\/\",\"url\":\"https:\/\/geomed.com.tr\/\",\"name\":\"Anasayfa\"}}]}]}<\/script>\n<!-- \/ Yoast SEO Premium plugin. -->","_links":{"self":[{"href":"https:\/\/geomed.com.tr\/fr\/wp-json\/wp\/v2\/pages\/3621"}],"collection":[{"href":"https:\/\/geomed.com.tr\/fr\/wp-json\/wp\/v2\/pages"}],"about":[{"href":"https:\/\/geomed.com.tr\/fr\/wp-json\/wp\/v2\/types\/page"}],"author":[{"embeddable":true,"href":"https:\/\/geomed.com.tr\/fr\/wp-json\/wp\/v2\/users\/1"}],"replies":[{"embeddable":true,"href":"https:\/\/geomed.com.tr\/fr\/wp-json\/wp\/v2\/comments?post=3621"}],"version-history":[{"count":0,"href":"https:\/\/geomed.com.tr\/fr\/wp-json\/wp\/v2\/pages\/3621\/revisions"}],"wp:attachment":[{"href":"https:\/\/geomed.com.tr\/fr\/wp-json\/wp\/v2\/media?parent=3621"}],"curies":[{"name":"wp","href":"https:\/\/api.w.org\/{rel}","templated":true}]}}