{"id":6573,"date":"2022-06-23T20:07:04","date_gmt":"2022-06-23T17:07:04","guid":{"rendered":"https:\/\/geomed.com.tr\/anasayfa-copy\/"},"modified":"2024-04-06T11:34:37","modified_gmt":"2024-04-06T08:34:37","slug":"hakkimizda","status":"publish","type":"page","link":"https:\/\/geomed.com.tr\/fr\/hakkimizda\/","title":{"rendered":"Qui Sommes-Nous"},"content":{"rendered":"<div data-colibri-id=\"6573-c1\" class=\"style-1387 style-local-6573-c1 position-relative\">\n  <!---->\n  <div data-colibri-component=\"section\" data-colibri-id=\"6573-c2\" id=\"testimonials\" class=\"h-section h-section-global-spacing d-flex align-items-lg-center align-items-md-center align-items-center style-2751 style-local-6573-c2 position-relative\">\n    <div class=\"background-wrapper\">\n      <div class=\"background-layer background-layer-media-container-lg\">\n        <!---->\n        <div class=\"overlay-layer\">\n          <div class=\"overlay-image-layer\" style=\"background-color: rgb(255, 255, 255); opacity: 0.94;\"><\/div>\n        <\/div>\n      <\/div>\n      <div class=\"background-layer background-layer-media-container-md\">\n        <!---->\n        <div class=\"overlay-layer\">\n          <div class=\"overlay-image-layer\" style=\"background-color: rgb(255, 255, 255); opacity: 0.94;\"><\/div>\n        <\/div>\n      <\/div>\n      <div class=\"background-layer background-layer-media-container\">\n        <!---->\n        <div class=\"overlay-layer\">\n          <div class=\"overlay-image-layer\" style=\"background-color: rgb(255, 255, 255); opacity: 0.94;\"><\/div>\n        <\/div>\n      <\/div>\n    <\/div>\n    <!---->\n    <div class=\"h-section-grid-container h-section-fluid-container\">\n      <!---->\n      <div data-colibri-id=\"6573-c3\" class=\"h-row-container gutters-row-lg-2 gutters-row-md-2 gutters-row-0 gutters-row-v-lg-2 gutters-row-v-md-2 gutters-row-v-2 style-2723 style-local-6573-c3 newClass position-relative\">\n        <!---->\n        <div class=\"h-row justify-content-lg-center justify-content-md-center justify-content-center align-items-lg-stretch align-items-md-stretch align-items-stretch gutters-col-lg-2 gutters-col-md-2 gutters-col-0 gutters-col-v-lg-2 gutters-col-v-md-2 gutters-col-v-2\">\n          <!---->\n          <div class=\"h-column h-column-container d-flex h-col-lg-12 h-col-md-12 h-col-12 style-2609-outer style-local-6573-c4-outer\">\n            <div data-colibri-id=\"6573-c4\" class=\"d-flex h-flex-basis h-column__inner h-px-lg-0 h-px-md-0 h-px-0 v-inner-lg-0 v-inner-md-0 v-inner-0 style-2609 style-local-6573-c4 position-relative\">\n              <!---->\n              <!---->\n              <div class=\"w-100 h-y-container h-column__content h-column__v-align flex-basis-100 align-self-lg-center align-self-md-center align-self-center\">\n                <!---->\n                <div data-colibri-id=\"6573-c5\" class=\"h-row-container gutters-row-lg-1 gutters-row-md-1 gutters-row-3 gutters-row-v-lg-1 gutters-row-v-md-1 gutters-row-v-3 style-2744 style-local-6573-c5 newClass position-relative\">\n                  <!---->\n                  <div class=\"h-row justify-content-lg-center justify-content-md-center justify-content-center align-items-lg-stretch align-items-md-stretch align-items-stretch gutters-col-lg-1 gutters-col-md-1 gutters-col-3 gutters-col-v-lg-1 gutters-col-v-md-1 gutters-col-v-3\">\n                    <!---->\n                    <div class=\"h-column h-column-container d-flex h-col-lg-12 h-col-md-12 h-col-12 style-2746-outer style-local-6573-c6-outer\">\n                      <div data-colibri-id=\"6573-c6\" class=\"d-flex h-flex-basis h-column__inner h-px-lg-1 h-px-md-1 h-px-3 v-inner-lg-1 v-inner-md-1 v-inner-3 style-2746 style-local-6573-c6 position-relative\">\n                        <!---->\n                        <!---->\n                        <div class=\"w-100 h-y-container h-column__content h-column__v-align flex-basis-100 align-self-lg-center align-self-md-center align-self-center\">\n                          <!---->\n                          <div data-colibri-id=\"6573-c7\" class=\"h-text h-text-component style-2745 style-local-6573-c7 newClass position-relative h-element\">\n                            <!---->\n                            <!---->\n                            <div class=\"\">\n                              <h4>Qui Sommes-Nous<\/h4>\n                              <p>Fond\u00e9 en 2000, Geomed est une soci\u00e9t\u00e9 d\u2019ing\u00e9nierie en g\u00e9otechnique qui offre des solutions adapt\u00e9es, de hautes qualit\u00e9s techniques et innovantes. Gr\u00e2ce \u00e0 son \u00e9quipe d\u2019ing\u00e9nieurs g\u00e9otechniques compos\u00e9e d\u2019ing\u00e9nieurs g\u00e9ologues et g\u00e9nie-civils, Geomed fournit des prestations de conception de projets, de conseil, de suivi sur le terrain et d\u2019instrumentation dans tous les domaines de l\u2019expertise g\u00e9otechnique.<\/p>\n                            <\/div>\n                          <\/div>\n                        <\/div>\n                      <\/div>\n                    <\/div>\n                  <\/div>\n                <\/div>\n              <\/div>\n            <\/div>\n          <\/div>\n        <\/div>\n      <\/div>\n    <\/div>\n  <\/div>\n  <div data-colibri-component=\"section\" data-colibri-id=\"6573-c8\" id=\"testimonials\" class=\"h-section h-section-global-spacing d-flex align-items-lg-center align-items-md-center align-items-center style-2607 style-local-6573-c8 position-relative\">\n    <div class=\"background-wrapper\">\n      <div class=\"background-layer background-layer-media-container-lg\">\n        <!---->\n        <div class=\"overlay-layer\">\n          <div class=\"overlay-image-layer\" style=\"background-color: rgb(255, 255, 255); opacity: 0.94;\"><\/div>\n        <\/div>\n      <\/div>\n      <div class=\"background-layer background-layer-media-container-md\">\n        <!---->\n        <div class=\"overlay-layer\">\n          <div class=\"overlay-image-layer\" style=\"background-color: rgb(255, 255, 255); opacity: 0.94;\"><\/div>\n        <\/div>\n      <\/div>\n      <div class=\"background-layer background-layer-media-container\">\n        <!---->\n        <div class=\"overlay-layer\">\n          <div class=\"overlay-image-layer\" style=\"background-color: rgb(255, 255, 255); opacity: 0.94;\"><\/div>\n        <\/div>\n      <\/div>\n    <\/div>\n    <!---->\n    <div class=\"h-section-grid-container h-section-fluid-container\">\n      <!---->\n      <div data-colibri-id=\"6573-c9\" class=\"h-row-container gutters-row-lg-2 gutters-row-md-2 gutters-row-0 gutters-row-v-lg-2 gutters-row-v-md-2 gutters-row-v-2 style-2723 style-local-6573-c9 newClass position-relative\">\n        <!---->\n        <div class=\"h-row justify-content-lg-center justify-content-md-center justify-content-center align-items-lg-stretch align-items-md-stretch align-items-stretch gutters-col-lg-2 gutters-col-md-2 gutters-col-0 gutters-col-v-lg-2 gutters-col-v-md-2 gutters-col-v-2\">\n          <!---->\n          <div class=\"h-column h-column-container d-flex h-col-lg-12 h-col-md-12 h-col-12 style-2609-outer style-local-6573-c10-outer\">\n            <div data-colibri-id=\"6573-c10\" class=\"d-flex h-flex-basis h-column__inner h-px-lg-0 h-px-md-0 h-px-0 v-inner-lg-0 v-inner-md-0 v-inner-0 style-2609 style-local-6573-c10 position-relative\">\n              <!---->\n              <!---->\n              <div class=\"w-100 h-y-container h-column__content h-column__v-align flex-basis-100 align-self-lg-center align-self-md-center align-self-center\">\n                <!---->\n                <div data-colibri-id=\"6573-c11\" class=\"h-row-container gutters-row-lg-1 gutters-row-md-1 gutters-row-3 gutters-row-v-lg-1 gutters-row-v-md-1 gutters-row-v-3 style-2744 style-local-6573-c11 newClass position-relative\">\n                  <!---->\n                  <div class=\"h-row justify-content-lg-center justify-content-md-center justify-content-center align-items-lg-stretch align-items-md-stretch align-items-stretch gutters-col-lg-1 gutters-col-md-1 gutters-col-3 gutters-col-v-lg-1 gutters-col-v-md-1 gutters-col-v-3\">\n                    <!---->\n                    <div class=\"h-column h-column-container d-flex h-col-lg-12 h-col-md-12 h-col-12 style-2746-outer style-local-6573-c12-outer\">\n                      <div data-colibri-id=\"6573-c12\" class=\"d-flex h-flex-basis h-column__inner h-px-lg-1 h-px-md-1 h-px-3 v-inner-lg-1 v-inner-md-1 v-inner-3 style-2746 style-local-6573-c12 position-relative\">\n                        <!---->\n                        <!---->\n                        <div class=\"w-100 h-y-container h-column__content h-column__v-align flex-basis-100 align-self-lg-center align-self-md-center align-self-center\">\n                          <!---->\n                          <div data-colibri-id=\"6573-c13\" class=\"h-text h-text-component style-2745 style-local-6573-c13 newClass position-relative h-element\">\n                            <!---->\n                            <!---->\n                            <div class=\"\">\n                              <h4><span style=\"font-family: &quot;Open Sans&quot;;\">Nos Valeurs<\/span><\/h4>\n                              <p>Le succ\u00e8s sectoriel est obtenu avec un solide travail d\u2019\u00e9quipe, la plupart du personnel expert de Geomed d\u00e9tient plus de 10 ans d\u2019exp\u00e9rience au sein de notre entreprise.<\/p>\n                              <p>Notre exp\u00e9rience dans les projets internationaux se construit avec une utilisation intensive de diff\u00e9rentes sp\u00e9cifications internationales et un suivi \u00e9troit des d\u00e9veloppements technologiques.<\/p>\n                              <p>Notre travail est bas\u00e9 sur le principe de transparence, d\u2019honn\u00eatet\u00e9 et de responsabilit\u00e9. Nos rapports sont r\u00e9dig\u00e9s dans un langage compr\u00e9hensible, ils vous parviennent dans leur int\u00e9gralit\u00e9 et \u00e0 temps.<\/p>\n                              <p>Il est tr\u00e8s important pour nous de comprendre vos attentes, nous faisons nos conseils avec une approche cr\u00e9ative et innovante qui est adapt\u00e9e aux besoins sp\u00e9cifiques de chaque projet.<\/p>\n                              <p>Nous offrons les solutions techniques les plus appropri\u00e9es et nous attachons une importance particuli\u00e8re au principe de confidentialit\u00e9.<\/p>\n                              <p>Nos travaux de conception de projet commencent souvent par les enqu\u00eates sur le terrain de nos ing\u00e9nieurs, notre \u00e9quipe de terrain est \u00e0 votre service avec des solutions de qualit\u00e9 et ax\u00e9es sur les r\u00e9sultats tout au long du projet.<\/p>\n                              <p>La durabilit\u00e9 et l\u2019\u00e9galit\u00e9 des chances sont nos principes de travail les plus fondamentaux.<\/p>\n                              <p>\n                                <br>\n                              <\/p>\n                              <p>\n                                <br>\n                              <\/p>\n                            <\/div>\n                          <\/div>\n                        <\/div>\n                      <\/div>\n                    <\/div>\n                  <\/div>\n                <\/div>\n              <\/div>\n            <\/div>\n          <\/div>\n        <\/div>\n      <\/div>\n    <\/div>\n  <\/div>\n  <div data-colibri-component=\"section\" data-colibri-id=\"6573-c14\" id=\"testimonials\" class=\"h-section h-section-global-spacing d-flex align-items-lg-center align-items-md-center align-items-center style-2607 style-local-6573-c14 position-relative\">\n    <div class=\"background-wrapper\">\n      <div class=\"background-layer background-layer-media-container-lg\">\n        <!---->\n        <div class=\"overlay-layer\">\n          <div class=\"overlay-image-layer\" style=\"background-color: rgb(255, 255, 255); opacity: 0.94;\"><\/div>\n        <\/div>\n      <\/div>\n      <div class=\"background-layer background-layer-media-container-md\">\n        <!---->\n        <div class=\"overlay-layer\">\n          <div class=\"overlay-image-layer\" style=\"background-color: rgb(255, 255, 255); opacity: 0.94;\"><\/div>\n        <\/div>\n      <\/div>\n      <div class=\"background-layer background-layer-media-container\">\n        <!---->\n        <div class=\"overlay-layer\">\n          <div class=\"overlay-image-layer\" style=\"background-color: rgb(255, 255, 255); opacity: 0.94;\"><\/div>\n        <\/div>\n      <\/div>\n    <\/div>\n    <!---->\n    <div class=\"h-section-grid-container h-section-fluid-container\">\n      <!---->\n      <div data-colibri-id=\"6573-c15\" class=\"h-row-container gutters-row-lg-0 gutters-row-md-0 gutters-row-0 gutters-row-v-lg-0 gutters-row-v-md-0 gutters-row-v-0 style-2748 style-local-6573-c15 newClass position-relative\">\n        <!---->\n        <div class=\"h-row justify-content-lg-center justify-content-md-center justify-content-center align-items-lg-stretch align-items-md-stretch align-items-stretch gutters-col-lg-0 gutters-col-md-0 gutters-col-0 gutters-col-v-lg-0 gutters-col-v-md-0 gutters-col-v-0\">\n          <!---->\n          <div class=\"h-column h-column-container d-flex h-col-lg-auto h-col-md-auto h-col-auto style-2661-outer style-local-6573-c16-outer\">\n            <div data-colibri-id=\"6573-c16\" class=\"d-flex h-flex-basis h-column__inner h-px-lg-0 h-px-md-0 h-px-0 v-inner-lg-0 v-inner-md-0 v-inner-0 style-2661 style-local-6573-c16 position-relative\">\n              <!---->\n              <!---->\n              <div class=\"w-100 h-y-container h-column__content h-column__v-align flex-basis-100 align-self-lg-start align-self-md-start align-self-start\">\n                <!---->\n                <div data-colibri-id=\"6573-c17\" class=\"d-block style-2662 style-local-6573-c17 position-relative h-element\">\n                  <!---->\n                  <div class=\"h-image__frame-container-outer\">\n                    <div class=\"h-image__frame-container\">\n                      <!---->\n                      <!---->\n                      <img decoding=\"async\" src=\"https:\/\/geomed.com.tr\/wp-content\/uploads\/2022\/07\/20220728_171029-209x300.jpg\" class=\"style-2662-image style-local-6573-c17-image\">\n                      <div class=\"h-image__frame h-hide-lg h-hide-md h-hide-sm style-2662-frameImage style-local-6573-c17-frameImage\"><\/div>\n                    <\/div>\n                  <\/div>\n                <\/div>\n                <div data-colibri-id=\"6573-c18\" class=\"h-text h-text-component style-2722 style-local-6573-c18 position-relative h-element\">\n                  <!---->\n                  <!---->\n                  <div class=\"\">\n                    <p>Salih Aksoy<\/p>\n                  <\/div>\n                <\/div>\n                <div data-colibri-id=\"6573-c19\" class=\"h-text h-text-component style-2707 style-local-6573-c19 position-relative h-element\">\n                  <!---->\n                  <!---->\n                  <div class=\"\">\n                    <p><span style=\"font-weight: 400; font-size: 16px; font-family: &quot;Open Sans&quot;; p; ; &amp;nbspcolor: rgb(37, 41, 42);\">Ing\u00e9nieur Civil<\/span><\/p>\n                  <\/div>\n                <\/div>\n              <\/div>\n            <\/div>\n          <\/div>\n          <div class=\"h-column h-column-container d-flex h-col-lg-auto h-col-md-auto h-col-auto style-2749-outer style-local-6573-c20-outer\">\n            <div data-colibri-id=\"6573-c20\" class=\"d-flex h-flex-basis h-column__inner h-px-lg-0 h-px-md-0 h-px-0 v-inner-lg-0 v-inner-md-0 v-inner-0 style-2749 style-local-6573-c20 position-relative\">\n              <!---->\n              <!---->\n              <div class=\"w-100 h-y-container h-column__content h-column__v-align flex-basis-100 align-self-lg-start align-self-md-start align-self-start\">\n                <!---->\n                <div data-colibri-id=\"6573-c21\" class=\"h-text h-text-component style-2745 style-local-6573-c21 newClass position-relative h-element\">\n                  <!---->\n                  <!---->\n                  <div class=\"\">\n                    <h4><span style=\"font-family: &quot;Open Sans&quot;;\">Notre Histoire<\/span><\/h4>\n                    <p>Geomed a \u00e9t\u00e9 fond\u00e9e en 2000 sur les bases de la vaste exp\u00e9rience, plus de 20 ans \u00e0 l\u2019\u00e9poque, de son directeur Salih Aksoy.<\/p>\n                    <p>Salih Aksoy, apr\u00e8s sa formation d\u2019ing\u00e9nieur civil (Universit\u00e9 Technique d\u2019Istanbul) et g\u00e9otechnique (Universit\u00e9 de Gazi, Master), a travaill\u00e9 \u00e0 la Direction G\u00e9n\u00e9rale des Autoroutes (KGM), au D\u00e9partement de Recherche Technique, \u00e0 la Branche de M\u00e9canique des Sols et des Tunnels. L\u2019ann\u00e9e o\u00f9 il a quitt\u00e9 cette succursale, dont il \u00e9tait derni\u00e8rement le directeur, et o\u00f9 il a \u00e9t\u00e9 nomm\u00e9 Directeur G\u00e9n\u00e9ral de Geomed, il avait d\u00e9j\u00e0 produit des solutions pour des milliers de glissements de terrain et d\u2019autres probl\u00e8mes de sol, et avait contribu\u00e9 \u00e0 presque chaque kilom\u00e8tre du r\u00e9seau routier national de la Turquie.<\/p>\n                    <p>Sa passion pour l\u2019ing\u00e9nierie g\u00e9otechnique d\u2019investigation, qu\u2019il a poursuivie pendant 20 ans au sein de Geomed, a \u00e9t\u00e9 une source d\u2019inspiration pour son \u00e9quipe d\u2019ing\u00e9nieurs et les partenaires de travail. Travaillant ensemble sous le toit de Geomed pendant de nombreuses ann\u00e9es, l\u2019\u00e9quipe d\u2019ing\u00e9nieurs a b\u00e9n\u00e9fici\u00e9 des connaissances et de l\u2019exp\u00e9rience de Salih Aksoy, tout en signant des dizaines de projets d\u2019envergure.<\/p>\n                    <p>\n                      <br>\n                    <\/p>\n                    <p>\n                      <br>\n                    <\/p>\n                    <p>\n                      <br>\n                    <\/p>\n                  <\/div>\n                <\/div>\n              <\/div>\n            <\/div>\n          <\/div>\n        <\/div>\n      <\/div>\n    <\/div>\n  <\/div>\n<\/div>","protected":false},"excerpt":{"rendered":"<p>Hakk\u0131m\u0131zda Geomed, 2000 y\u0131l\u0131ndan beri geoteknik m\u00fchendisli\u011fi uzmanl\u0131\u011f\u0131 gerektiren i\u015flerde i\u015fverenine h\u0131zl\u0131, kaliteli ve yenilik\u00e7i \u00e7\u00f6z\u00fcmler sunan bir proje firmas\u0131d\u0131r. Jeoloji ve in\u015faat m\u00fchendislerinden olu\u015fan geoteknik m\u00fchendisleri kadrosu ile uzmanl\u0131k alan\u0131na d\u00e2hil her konuda et\u00fct, projelendirme, m\u00fc\u015favirlik, saha deneyleri ve enstr\u00fcmantasyon hizmetleri vermektedir. De\u011ferlerimiz Sekt\u00f6rel ba\u015far\u0131 g\u00fc\u00e7l\u00fc bir ekip \u00e7al\u0131\u015fmas\u0131yla elde edilir, Geomed uzman personel [&hellip;]<\/p>","protected":false},"author":1,"featured_media":0,"parent":0,"menu_order":0,"comment_status":"closed","ping_status":"closed","template":"page-templates\/full-width-page.php","meta":{"footnotes":""},"yoast_head":"<!-- This site is optimized with the Yoast SEO Premium plugin v15.0 - https:\/\/yoast.com\/wordpress\/plugins\/seo\/ -->\n<title>Hakk\u0131m\u0131zda - GEOMED<\/title>\n<meta name=\"description\" content=\"GEOMED Hakk\u0131m\u0131zda - %\" \/>\n<meta name=\"robots\" content=\"index, follow, max-snippet:-1, max-image-preview:large, max-video-preview:-1\" \/>\n<link rel=\"canonical\" href=\"https:\/\/geomed.com.tr\/fr\/hakkimizda\/\" \/>\n<meta property=\"og:locale\" content=\"fr_FR\" \/>\n<meta property=\"og:type\" content=\"article\" \/>\n<meta property=\"og:title\" content=\"Hakk\u0131m\u0131zda - GEOMED\" \/>\n<meta property=\"og:description\" content=\"GEOMED Hakk\u0131m\u0131zda - %\" \/>\n<meta property=\"og:url\" content=\"https:\/\/geomed.com.tr\/fr\/hakkimizda\/\" \/>\n<meta property=\"og:site_name\" content=\"GEOMED\" \/>\n<meta property=\"article:modified_time\" content=\"2024-04-06T08:34:37+00:00\" \/>\n<meta property=\"og:image\" content=\"https:\/\/geomed.com.tr\/wp-content\/uploads\/2022\/07\/20220728_171029-209x300.jpg\" \/>\n<meta name=\"twitter:card\" content=\"summary_large_image\" \/>\n<script type=\"application\/ld+json\" class=\"yoast-schema-graph\">{\"@context\":\"https:\/\/schema.org\",\"@graph\":[{\"@type\":\"Organization\",\"@id\":\"https:\/\/geomed.com.tr\/fr\/#organization\",\"name\":\"Geomed Geoteknik M\\u00fc\\u015favirlik Et\\u00fcd Denetim Ticaret A.\\u015e.\",\"url\":\"https:\/\/geomed.com.tr\/fr\/\",\"sameAs\":[\"https:\/\/tr.linkedin.com\/company\/geomed-geoteknik-m-avirlik-et-t-denetim-ve-ticaret-a-?trk=public_profile_topcard-current-company&amp;amp;amp;amp;amp;original_referer=https:\/\/geomed.com.tr\/\"],\"logo\":{\"@type\":\"ImageObject\",\"@id\":\"https:\/\/geomed.com.tr\/fr\/#logo\",\"inLanguage\":\"fr-FR\",\"url\":\"https:\/\/geomed.com.tr\/wp-content\/uploads\/2022\/07\/cropped-Logo-Sade-Turkce2.png\",\"width\":208,\"height\":208,\"caption\":\"Geomed Geoteknik M\\u00fc\\u015favirlik Et\\u00fcd Denetim Ticaret A.\\u015e.\"},\"image\":{\"@id\":\"https:\/\/geomed.com.tr\/fr\/#logo\"}},{\"@type\":\"WebSite\",\"@id\":\"https:\/\/geomed.com.tr\/fr\/#website\",\"url\":\"https:\/\/geomed.com.tr\/fr\/\",\"name\":\"GEOMED\",\"description\":\"Geoteknik M\\u00fc\\u015favirlik, Et\\u00fcd, Denetim\",\"publisher\":{\"@id\":\"https:\/\/geomed.com.tr\/fr\/#organization\"},\"potentialAction\":[{\"@type\":\"SearchAction\",\"target\":\"https:\/\/geomed.com.tr\/fr\/?s={search_term_string}\",\"query-input\":\"required name=search_term_string\"}],\"inLanguage\":\"fr-FR\"},{\"@type\":\"ImageObject\",\"@id\":\"https:\/\/geomed.com.tr\/hakkimizda\/#primaryimage\",\"inLanguage\":\"fr-FR\",\"url\":\"https:\/\/geomed.com.tr\/wp-content\/uploads\/2022\/07\/20220728_171029.jpg\",\"width\":497,\"height\":713},{\"@type\":\"WebPage\",\"@id\":\"https:\/\/geomed.com.tr\/hakkimizda\/#webpage\",\"url\":\"https:\/\/geomed.com.tr\/hakkimizda\/\",\"name\":\"Hakk\\u0131m\\u0131zda - GEOMED\",\"isPartOf\":{\"@id\":\"https:\/\/geomed.com.tr\/fr\/#website\"},\"primaryImageOfPage\":{\"@id\":\"https:\/\/geomed.com.tr\/hakkimizda\/#primaryimage\"},\"datePublished\":\"2022-06-23T17:07:04+00:00\",\"dateModified\":\"2024-04-06T08:34:37+00:00\",\"description\":\"GEOMED Hakk\\u0131m\\u0131zda - %\",\"breadcrumb\":{\"@id\":\"https:\/\/geomed.com.tr\/hakkimizda\/#breadcrumb\"},\"inLanguage\":\"fr-FR\",\"potentialAction\":[{\"@type\":\"ReadAction\",\"target\":[\"https:\/\/geomed.com.tr\/hakkimizda\/\"]}]},{\"@type\":\"BreadcrumbList\",\"@id\":\"https:\/\/geomed.com.tr\/hakkimizda\/#breadcrumb\",\"itemListElement\":[{\"@type\":\"ListItem\",\"position\":1,\"item\":{\"@type\":\"WebPage\",\"@id\":\"https:\/\/geomed.com.tr\/\",\"url\":\"https:\/\/geomed.com.tr\/\",\"name\":\"Anasayfa\"}},{\"@type\":\"ListItem\",\"position\":2,\"item\":{\"@type\":\"WebPage\",\"@id\":\"https:\/\/geomed.com.tr\/hakkimizda\/\",\"url\":\"https:\/\/geomed.com.tr\/hakkimizda\/\",\"name\":\"Hakk\\u0131m\\u0131zda\"}}]}]}<\/script>\n<!-- \/ Yoast SEO Premium plugin. -->","_links":{"self":[{"href":"https:\/\/geomed.com.tr\/fr\/wp-json\/wp\/v2\/pages\/6573"}],"collection":[{"href":"https:\/\/geomed.com.tr\/fr\/wp-json\/wp\/v2\/pages"}],"about":[{"href":"https:\/\/geomed.com.tr\/fr\/wp-json\/wp\/v2\/types\/page"}],"author":[{"embeddable":true,"href":"https:\/\/geomed.com.tr\/fr\/wp-json\/wp\/v2\/users\/1"}],"replies":[{"embeddable":true,"href":"https:\/\/geomed.com.tr\/fr\/wp-json\/wp\/v2\/comments?post=6573"}],"version-history":[{"count":0,"href":"https:\/\/geomed.com.tr\/fr\/wp-json\/wp\/v2\/pages\/6573\/revisions"}],"wp:attachment":[{"href":"https:\/\/geomed.com.tr\/fr\/wp-json\/wp\/v2\/media?parent=6573"}],"curies":[{"name":"wp","href":"https:\/\/api.w.org\/{rel}","templated":true}]}}