{"id":6576,"date":"2022-06-23T20:07:20","date_gmt":"2022-06-23T17:07:20","guid":{"rendered":"https:\/\/geomed.com.tr\/anasayfa-copy\/"},"modified":"2023-03-23T09:56:59","modified_gmt":"2023-03-23T06:56:59","slug":"hizmetlerimiz","status":"publish","type":"page","link":"https:\/\/geomed.com.tr\/fr\/hizmetlerimiz\/","title":{"rendered":"Nos Prestations"},"content":{"rendered":"<div data-colibri-id=\"6576-c1\" class=\"style-1653 style-local-6576-c1 position-relative\">\n  <!---->\n  <div data-colibri-component=\"section\" data-colibri-id=\"6576-c2\" id=\"content\" class=\"h-section h-section-global-spacing d-flex align-items-lg-end align-items-md-end align-items-end style-2389 style-local-6576-c2 position-relative\">\n    <!---->\n    <!---->\n    <div class=\"h-section-grid-container h-section-fluid-container\">\n      <!---->\n      <div data-colibri-id=\"6576-c3\" class=\"h-row-container gutters-row-lg-0 gutters-row-md-0 gutters-row-2 gutters-row-v-lg-0 gutters-row-v-md-0 gutters-row-v-0 style-2390 style-local-6576-c3 position-relative\">\n        <!---->\n        <div class=\"h-row justify-content-lg-center justify-content-md-center justify-content-center align-items-lg-stretch align-items-md-stretch align-items-stretch gutters-col-lg-0 gutters-col-md-0 gutters-col-2 gutters-col-v-lg-0 gutters-col-v-md-0 gutters-col-v-0\">\n          <!---->\n          <div class=\"h-column h-column-container d-flex h-col-lg-auto h-col-md-auto h-col-auto style-2391-outer style-local-6576-c4-outer\">\n            <div data-colibri-id=\"6576-c4\" class=\"d-flex h-flex-basis h-column__inner h-px-lg-0 h-px-md-0 h-px-0 v-inner-lg-0 v-inner-md-0 v-inner-0 style-2391 style-local-6576-c4 position-relative\">\n              <!---->\n              <!---->\n              <div class=\"w-100 h-y-container h-column__content h-column__v-align flex-basis-auto align-self-lg-start align-self-md-start align-self-start\">\n                <!---->\n                <div data-colibri-id=\"6576-c5\" class=\"h-row-container gutters-row-lg-2 gutters-row-md-2 gutters-row-2 gutters-row-v-lg-2 gutters-row-v-md-2 gutters-row-v-2 style-2392 style-local-6576-c5 position-relative\">\n                  <!---->\n                  <div class=\"h-row justify-content-lg-center justify-content-md-center justify-content-center align-items-lg-stretch align-items-md-stretch align-items-stretch gutters-col-lg-2 gutters-col-md-2 gutters-col-2 gutters-col-v-lg-2 gutters-col-v-md-2 gutters-col-v-2\">\n                    <!---->\n                    <div class=\"h-column h-column-container d-flex h-col-lg h-col-md h-col-auto style-2393-outer style-local-6576-c6-outer\">\n                      <div data-colibri-id=\"6576-c6\" class=\"d-flex h-flex-basis h-column__inner h-px-lg-3 h-px-md-3 h-px-3 v-inner-lg-3 v-inner-md-3 v-inner-3 style-2393 style-local-6576-c6 newClass position-relative\">\n                        <!---->\n                        <!---->\n                        <div class=\"w-100 h-y-container h-column__content h-column__v-align flex-basis-100 align-self-lg-start align-self-md-start align-self-start\">\n                          <!---->\n                          <div data-colibri-id=\"6576-c8\" class=\"h-text h-text-component style-2395 style-local-6576-c8 newClass position-relative h-element\">\n                            <!---->\n                            <!---->\n                            <div class=\"\">\n                              <h4>\n                                <a href=\"https:\/\/geomed.com.tr\/fr\/geoeknik-tasarim\/\" style=\"color: rgb(9, 11, 176); font-family: &quot;Open Sans&quot;; font-weight: 600; font-size: 1em;\">Services de Conception et de Conseil G\u00e9otechniques<\/a>\n                              <\/h4>\n                              <p><span style=\"color: rgb(0, 0, 0); font-family: &quot;Open Sans&quot;; font-weight: 400; font-size: 101%;\">Les services de conception et de conseil g\u00e9otechniques sont fournis par des ing\u00e9nieurs experts poss\u00e9dant une vaste exp\u00e9rience en mati\u00e8re d'application et de conception.<\/span><\/p>\n                              <p><span style=\"color: rgb(0, 0, 0); font-family: &quot;Open Sans&quot;; font-weight: 400; font-size: 101%;\">Une ing\u00e9nierie pr\u00e9cise et fiable est prise comme base dans la conception, et la valeur est ajout\u00e9e aux projets en produisant des solutions \u00e9conomiques conform\u00e9ment aux r\u00e9glementations l\u00e9gales.<\/span><\/p>\n                              <p>\n                                <br>\n                              <\/p>\n                            <\/div>\n                          <\/div>\n                        <\/div>\n                      <\/div>\n                    <\/div>\n                    <div class=\"h-column h-column-container d-flex h-col-lg-auto h-col-md-auto h-col-auto style-2396-outer style-local-6576-c9-outer h-hide-md h-hide-sm\">\n                      <div data-colibri-id=\"6576-c9\" class=\"d-flex h-flex-basis h-column__inner h-ui-empty-state-container h-px-lg-0 h-px-md-0 h-px-0 v-inner-lg-0 v-inner-md-0 v-inner-0 style-2396 style-local-6576-c9 h-hide-md h-hide-sm position-relative\">\n                        <!---->\n                        <!---->\n                        <div class=\"w-100 h-y-container h-column__content h-column__v-align flex-basis-100\">\n                          <!---->\n                        <\/div>\n                      <\/div>\n                    <\/div>\n                  <\/div>\n                <\/div>\n                <div data-colibri-id=\"6576-c10\" class=\"h-row-container gutters-row-lg-2 gutters-row-md-2 gutters-row-2 gutters-row-v-lg-2 gutters-row-v-md-2 gutters-row-v-2 style-2392 style-local-6576-c10 position-relative\">\n                  <!---->\n                  <div class=\"h-row justify-content-lg-center justify-content-md-center justify-content-center align-items-lg-stretch align-items-md-stretch align-items-stretch gutters-col-lg-2 gutters-col-md-2 gutters-col-2 gutters-col-v-lg-2 gutters-col-v-md-2 gutters-col-v-2\">\n                    <!---->\n                    <div class=\"h-column h-column-container d-flex h-col-lg-auto h-col-md-auto h-col-auto style-2397-outer style-local-6576-c11-outer h-hide-md h-hide-sm\">\n                      <div data-colibri-id=\"6576-c11\" class=\"d-flex h-flex-basis h-column__inner h-ui-empty-state-container h-px-lg-0 h-px-md-0 h-px-0 v-inner-lg-0 v-inner-md-0 v-inner-0 style-2397 style-local-6576-c11 h-hide-md h-hide-sm position-relative\">\n                        <!---->\n                        <!---->\n                        <div class=\"w-100 h-y-container h-column__content h-column__v-align flex-basis-100\">\n                          <!---->\n                        <\/div>\n                      <\/div>\n                    <\/div>\n                    <div class=\"h-column h-column-container d-flex h-col-lg h-col-md-auto h-col-auto style-2393-outer style-local-6576-c12-outer\">\n                      <div data-colibri-id=\"6576-c12\" class=\"d-flex h-flex-basis h-column__inner h-px-lg-3 h-px-md-3 h-px-3 v-inner-lg-3 v-inner-md-3 v-inner-3 style-2393 style-local-6576-c12 newClass position-relative\">\n                        <!---->\n                        <!---->\n                        <div class=\"w-100 h-y-container h-column__content h-column__v-align flex-basis-100 align-self-lg-start align-self-md-start align-self-start\">\n                          <!---->\n                          <div data-colibri-id=\"6576-c14\" class=\"h-text h-text-component style-2398 style-local-6576-c14 newClass position-relative h-element\">\n                            <!---->\n                            <!---->\n                            <div class=\"\">\n                              <h4>\n                                <a href=\"https:\/\/geomed.com.tr\/fr\/geoteknik-enstrumanstasyon\/\" style=\"color: rgb(9, 11, 176); font-size: 1em; font-weight: 600; font-family: &quot;Open Sans&quot;;\">G\u00e9otechniques d'instrumentation et de Contr\u00f4le<\/a>\n                              <\/h4>\n                              <p><span style=\"color: rgb(0, 0, 0);\">Nous fournissons des services dans les solutions de glissement de terrain, l'analyse de tassement, la d\u00e9tection de sol faible, les \u00e9tudes arch\u00e9ologiques et g\u00e9ologiques, les \u00e9tudes de nappe phr\u00e9atique, etc. avec notre \u00e9quipement r\u00e9pandu et \u00e9prouv\u00e9 dans le monde entier.&nbsp;<\/span><\/p>\n                              <p><span style=\"color: rgb(0, 0, 0); font-family: &quot;Open Sans&quot;; font-size: 16px; font-weight: 400;\">Nous proposons des essais de contr\u00f4le sur des clous ou des boulons de sol, des essais de chargement statique de pieux sur des pieux for\u00e9s ou des colonnes de m\u00e9lange de sol profond (DSM) et des tests d'int\u00e9grit\u00e9 de pieux.<\/span><\/p>\n                              <p>\n                                <br>\n                              <\/p>\n                            <\/div>\n                          <\/div>\n                        <\/div>\n                      <\/div>\n                    <\/div>\n                  <\/div>\n                <\/div>\n              <\/div>\n            <\/div>\n          <\/div>\n        <\/div>\n      <\/div>\n    <\/div>\n  <\/div>\n<\/div>","protected":false},"excerpt":{"rendered":"<p>Geoteknik Projelendirme Hizmetleri Geoteknik tasar\u0131m ve dan\u0131\u015fmanl\u0131k hizmetleri, konusunda geni\u015f uygulama ve tasar\u0131m tecr\u00fcbesine sahip uzman m\u00fchendis kadromuz taraf\u0131ndan sa\u011flanmaktad\u0131r. Tasar\u0131mda, do\u011fru ve g\u00fcvenilir m\u00fchendislik esas al\u0131n\u0131r,&nbsp;yasal mevzuata uygun,&nbsp;ekonomik \u00e7\u00f6z\u00fcmler \u00fcretilerek projelere de\u011fer kat\u0131l\u0131r. Geoteknik Enstr\u00fcmantasyon ve Kontrol Deneyleri Heyelan \u00e7\u00f6z\u00fcmlerinde, oturma analizlerinde, zay\u0131f zemin tespitinde, arkeolojik ve jeolojik ara\u015ft\u0131rmalarda, sualt\u0131 ara\u015ft\u0131rmalar\u0131nda, d\u00fcnya genelinde yayg\u0131n [&hellip;]<\/p>","protected":false},"author":1,"featured_media":0,"parent":0,"menu_order":0,"comment_status":"closed","ping_status":"closed","template":"page-templates\/full-width-page.php","meta":{"footnotes":""},"yoast_head":"<!-- This site is optimized with the Yoast SEO Premium plugin v15.0 - https:\/\/yoast.com\/wordpress\/plugins\/seo\/ -->\n<title>Hizmetlerimiz - GEOMED<\/title>\n<meta name=\"description\" content=\"GEOMED Hizmetlerimiz - %\" \/>\n<meta name=\"robots\" content=\"index, follow, max-snippet:-1, max-image-preview:large, max-video-preview:-1\" \/>\n<link rel=\"canonical\" href=\"https:\/\/geomed.com.tr\/fr\/hizmetlerimiz\/\" \/>\n<meta property=\"og:locale\" content=\"fr_FR\" \/>\n<meta property=\"og:type\" content=\"article\" \/>\n<meta property=\"og:title\" content=\"Hizmetlerimiz - GEOMED\" \/>\n<meta property=\"og:description\" content=\"GEOMED Hizmetlerimiz - %\" \/>\n<meta property=\"og:url\" content=\"https:\/\/geomed.com.tr\/fr\/hizmetlerimiz\/\" \/>\n<meta property=\"og:site_name\" content=\"GEOMED\" \/>\n<meta property=\"article:modified_time\" content=\"2023-03-23T06:56:59+00:00\" \/>\n<meta name=\"twitter:card\" content=\"summary_large_image\" \/>\n<script type=\"application\/ld+json\" class=\"yoast-schema-graph\">{\"@context\":\"https:\/\/schema.org\",\"@graph\":[{\"@type\":\"Organization\",\"@id\":\"https:\/\/geomed.com.tr\/fr\/#organization\",\"name\":\"Geomed Geoteknik M\\u00fc\\u015favirlik Et\\u00fcd Denetim Ticaret A.\\u015e.\",\"url\":\"https:\/\/geomed.com.tr\/fr\/\",\"sameAs\":[\"https:\/\/tr.linkedin.com\/company\/geomed-geoteknik-m-avirlik-et-t-denetim-ve-ticaret-a-?trk=public_profile_topcard-current-company&amp;amp;amp;amp;amp;original_referer=https:\/\/geomed.com.tr\/\"],\"logo\":{\"@type\":\"ImageObject\",\"@id\":\"https:\/\/geomed.com.tr\/fr\/#logo\",\"inLanguage\":\"fr-FR\",\"url\":\"https:\/\/geomed.com.tr\/wp-content\/uploads\/2022\/07\/cropped-Logo-Sade-Turkce2.png\",\"width\":208,\"height\":208,\"caption\":\"Geomed Geoteknik M\\u00fc\\u015favirlik Et\\u00fcd Denetim Ticaret A.\\u015e.\"},\"image\":{\"@id\":\"https:\/\/geomed.com.tr\/fr\/#logo\"}},{\"@type\":\"WebSite\",\"@id\":\"https:\/\/geomed.com.tr\/fr\/#website\",\"url\":\"https:\/\/geomed.com.tr\/fr\/\",\"name\":\"GEOMED\",\"description\":\"Geoteknik M\\u00fc\\u015favirlik, Et\\u00fcd, Denetim\",\"publisher\":{\"@id\":\"https:\/\/geomed.com.tr\/fr\/#organization\"},\"potentialAction\":[{\"@type\":\"SearchAction\",\"target\":\"https:\/\/geomed.com.tr\/fr\/?s={search_term_string}\",\"query-input\":\"required name=search_term_string\"}],\"inLanguage\":\"fr-FR\"},{\"@type\":\"WebPage\",\"@id\":\"https:\/\/geomed.com.tr\/hizmetlerimiz\/#webpage\",\"url\":\"https:\/\/geomed.com.tr\/hizmetlerimiz\/\",\"name\":\"Hizmetlerimiz - GEOMED\",\"isPartOf\":{\"@id\":\"https:\/\/geomed.com.tr\/fr\/#website\"},\"datePublished\":\"2022-06-23T17:07:20+00:00\",\"dateModified\":\"2023-03-23T06:56:59+00:00\",\"description\":\"GEOMED Hizmetlerimiz - %\",\"breadcrumb\":{\"@id\":\"https:\/\/geomed.com.tr\/hizmetlerimiz\/#breadcrumb\"},\"inLanguage\":\"fr-FR\",\"potentialAction\":[{\"@type\":\"ReadAction\",\"target\":[\"https:\/\/geomed.com.tr\/hizmetlerimiz\/\"]}]},{\"@type\":\"BreadcrumbList\",\"@id\":\"https:\/\/geomed.com.tr\/hizmetlerimiz\/#breadcrumb\",\"itemListElement\":[{\"@type\":\"ListItem\",\"position\":1,\"item\":{\"@type\":\"WebPage\",\"@id\":\"https:\/\/geomed.com.tr\/\",\"url\":\"https:\/\/geomed.com.tr\/\",\"name\":\"Anasayfa\"}},{\"@type\":\"ListItem\",\"position\":2,\"item\":{\"@type\":\"WebPage\",\"@id\":\"https:\/\/geomed.com.tr\/hizmetlerimiz\/\",\"url\":\"https:\/\/geomed.com.tr\/hizmetlerimiz\/\",\"name\":\"Hizmetlerimiz\"}}]}]}<\/script>\n<!-- \/ Yoast SEO Premium plugin. -->","_links":{"self":[{"href":"https:\/\/geomed.com.tr\/fr\/wp-json\/wp\/v2\/pages\/6576"}],"collection":[{"href":"https:\/\/geomed.com.tr\/fr\/wp-json\/wp\/v2\/pages"}],"about":[{"href":"https:\/\/geomed.com.tr\/fr\/wp-json\/wp\/v2\/types\/page"}],"author":[{"embeddable":true,"href":"https:\/\/geomed.com.tr\/fr\/wp-json\/wp\/v2\/users\/1"}],"replies":[{"embeddable":true,"href":"https:\/\/geomed.com.tr\/fr\/wp-json\/wp\/v2\/comments?post=6576"}],"version-history":[{"count":0,"href":"https:\/\/geomed.com.tr\/fr\/wp-json\/wp\/v2\/pages\/6576\/revisions"}],"wp:attachment":[{"href":"https:\/\/geomed.com.tr\/fr\/wp-json\/wp\/v2\/media?parent=6576"}],"curies":[{"name":"wp","href":"https:\/\/api.w.org\/{rel}","templated":true}]}}